{"id":1103,"date":"2020-11-25T08:17:23","date_gmt":"2020-11-25T07:17:23","guid":{"rendered":"https:\/\/www.schaum-feuerloescher.ch\/?page_id=1103"},"modified":"2020-11-25T16:27:26","modified_gmt":"2020-11-25T15:27:26","slug":"haushalts-feuerloescher","status":"publish","type":"page","link":"https:\/\/www.schaum-feuerloescher.ch\/index.php\/einsatzmoeglichkeiten\/haushalts-feuerloescher\/","title":{"rendered":"Schaum-Feuerl\u00f6scher f\u00fcr den Haushalt"},"content":{"rendered":"<div data-colibri-id=\"1103-c1\" class=\"style-746 style-local-1103-c1 position-relative\">\r\n  <!---->\r\n  <div data-colibri-component=\"section\" data-colibri-id=\"1103-c2\" id=\"custom\" class=\"h-section h-section-global-spacing d-flex align-items-lg-center align-items-md-center align-items-center style-747 style-local-1103-c2 position-relative\">\r\n    <!---->\r\n    <!---->\r\n    <div class=\"h-section-grid-container h-section-boxed-container\">\r\n      <!---->\r\n      <div data-colibri-id=\"1103-c3\" class=\"h-row-container gutters-row-lg-2 gutters-row-md-2 gutters-row-0 gutters-row-v-lg-2 gutters-row-v-md-2 gutters-row-v-2 style-748 style-local-1103-c3 position-relative\">\r\n        <!---->\r\n        <div class=\"h-row justify-content-lg-center justify-content-md-center justify-content-center align-items-lg-stretch align-items-md-stretch align-items-stretch gutters-col-lg-2 gutters-col-md-2 gutters-col-0 gutters-col-v-lg-2 gutters-col-v-md-2 gutters-col-v-2\">\r\n          <!---->\r\n          <div class=\"h-column h-column-container d-flex h-col-lg-auto h-col-md-auto h-col-auto style-749-outer style-local-1103-c4-outer\">\r\n            <div data-colibri-id=\"1103-c4\" class=\"d-flex h-flex-basis h-column__inner h-px-lg-2 h-px-md-2 h-px-2 v-inner-lg-2 v-inner-md-2 v-inner-2 style-749 style-local-1103-c4 position-relative\">\r\n              <!---->\r\n              <!---->\r\n              <div class=\"w-100 h-y-container h-column__content h-column__v-align flex-basis-100 align-self-lg-start align-self-md-start align-self-start\">\r\n                <!---->\r\n                <div data-colibri-id=\"1103-c5\" class=\"h-text h-text-component style-750 style-local-1103-c5 position-relative h-element\">\r\n                  <!---->\r\n                  <!---->\r\n                  <div class=\"\">\r\n                    <p>Ein Privathaushalt oder Haushalt (auch Hausstand) ist im \u00f6konomischen Sinne eine aus mindestens einer nat\u00fcrlichen Person bestehende Wirtschaftseinheit.<\/p>\r\n                    <p>Sofern ein privater Haushalt aus mehreren Personen besteht (Mehrpersonenhaushalt), sind einige dieser Personen h\u00e4ufig verheiratet oder verwandt (Familie). Der Haushalt einer allein lebenden Person (Single) wird als Einpersonenhaushalt\r\n                      bezeichnet. Eine Wohngemeinschaft besteht im Allgemeinen aus mehreren einzelnen Haushalten. Je nach Definition von Haushalt und Charakter der WG kann sie aber auch einen Mehrpersonenhaushalt bilden. Ist der Haushalt r\u00e4umlich und\r\n                      organisatorisch eng an ein wirtschaftliches Unternehmen (z. B. Ladengesch\u00e4ft) gekoppelt, spricht man auch von einem Gesch\u00e4ftshaushalt.<\/p>\r\n                    <p>In der amtlichen Statistik z\u00e4hlt als privater Haushalt jede zusammen wohnende und eine wirtschaftende Einheit bildende Personengemeinschaft sowie Personen, die allein wohnen und wirtschaften. Personen in Alters- oder Pflegeheimen,\r\n                      Kasernen und \u00e4hnlichen Einrichtungen, die dort keinen eigenen Haushalt f\u00fchren, z\u00e4hlen hingegen zu den Personen in Gemeinschaftsunterk\u00fcnften. Personen k\u00f6nnen dar\u00fcber hinaus neben ihrem Hauptwohnsitz an einem weiteren Wohnsitz (Nebenwohnsitz)\r\n                      einem Haushalt angeh\u00f6ren und werden in diesem Fall doppelt gez\u00e4hlt. Die Bev\u00f6lkerung in Privathaushalten weicht deshalb geringf\u00fcgig von der Einwohnerzahl (also der Bev\u00f6lkerung am Hauptwohnsitz) ab.<\/p>\r\n                  <\/div>\r\n                <\/div>\r\n              <\/div>\r\n            <\/div>\r\n          <\/div>\r\n        <\/div>\r\n      <\/div>\r\n    <\/div>\r\n  <\/div>\r\n<\/div>","protected":false},"excerpt":{"rendered":"<p>Ein Privathaushalt oder Haushalt (auch Hausstand) ist im \u00f6konomischen Sinne eine aus mindestens einer nat\u00fcrlichen Person bestehende Wirtschaftseinheit. Sofern ein privater Haushalt aus mehreren Personen besteht (Mehrpersonenhaushalt), sind einige dieser Personen h\u00e4ufig verheiratet oder verwandt (Familie). Der Haushalt einer allein lebenden Person (Single) wird als Einpersonenhaushalt bezeichnet. Eine Wohngemeinschaft besteht im Allgemeinen aus mehreren einzelnen [&hellip;]<\/p>\n","protected":false},"author":3,"featured_media":0,"parent":1101,"menu_order":1,"comment_status":"closed","ping_status":"closed","template":"page-templates\/full-width-page.php","meta":{"footnotes":""},"class_list":["post-1103","page","type-page","status-publish","hentry"],"aioseo_notices":[],"_links":{"self":[{"href":"https:\/\/www.schaum-feuerloescher.ch\/index.php\/wp-json\/wp\/v2\/pages\/1103","targetHints":{"allow":["GET"]}}],"collection":[{"href":"https:\/\/www.schaum-feuerloescher.ch\/index.php\/wp-json\/wp\/v2\/pages"}],"about":[{"href":"https:\/\/www.schaum-feuerloescher.ch\/index.php\/wp-json\/wp\/v2\/types\/page"}],"author":[{"embeddable":true,"href":"https:\/\/www.schaum-feuerloescher.ch\/index.php\/wp-json\/wp\/v2\/users\/3"}],"replies":[{"embeddable":true,"href":"https:\/\/www.schaum-feuerloescher.ch\/index.php\/wp-json\/wp\/v2\/comments?post=1103"}],"version-history":[{"count":3,"href":"https:\/\/www.schaum-feuerloescher.ch\/index.php\/wp-json\/wp\/v2\/pages\/1103\/revisions"}],"predecessor-version":[{"id":1224,"href":"https:\/\/www.schaum-feuerloescher.ch\/index.php\/wp-json\/wp\/v2\/pages\/1103\/revisions\/1224"}],"up":[{"embeddable":true,"href":"https:\/\/www.schaum-feuerloescher.ch\/index.php\/wp-json\/wp\/v2\/pages\/1101"}],"wp:attachment":[{"href":"https:\/\/www.schaum-feuerloescher.ch\/index.php\/wp-json\/wp\/v2\/media?parent=1103"}],"curies":[{"name":"wp","href":"https:\/\/api.w.org\/{rel}","templated":true}]}}