{"id":1257,"date":"2020-11-27T09:43:06","date_gmt":"2020-11-27T08:43:06","guid":{"rendered":"https:\/\/www.schaum-feuerloescher.ch\/?page_id=1257"},"modified":"2020-11-27T09:51:57","modified_gmt":"2020-11-27T08:51:57","slug":"schaum-feuerloescher-2-liter-fuer-das-buero","status":"publish","type":"page","link":"https:\/\/www.schaum-feuerloescher.ch\/index.php\/einsatzmoeglichkeiten\/buero-schaum-feuerloescher\/schaum-feuerloescher-2-liter-fuer-das-buero\/","title":{"rendered":"Schaum-Feuerl\u00f6scher 2 Liter f\u00fcr das B\u00fcro"},"content":{"rendered":"<div data-colibri-id=\"1257-c1\" class=\"style-773 style-local-1257-c1 position-relative\">\r\n  <!---->\r\n  <div data-colibri-component=\"section\" data-colibri-id=\"1257-c2\" id=\"custom-3\" class=\"h-section h-section-global-spacing d-flex align-items-lg-center align-items-md-center align-items-center style-774 style-local-1257-c2 position-relative\">\r\n    <!---->\r\n    <!---->\r\n    <div class=\"h-section-grid-container h-section-boxed-container\">\r\n      <!---->\r\n      <div data-colibri-id=\"1257-c3\" class=\"h-row-container gutters-row-lg-2 gutters-row-md-2 gutters-row-0 gutters-row-v-lg-2 gutters-row-v-md-2 gutters-row-v-2 style-775 style-local-1257-c3 position-relative\">\r\n        <!---->\r\n        <div class=\"h-row justify-content-lg-center justify-content-md-center justify-content-center align-items-lg-stretch align-items-md-stretch align-items-stretch gutters-col-lg-2 gutters-col-md-2 gutters-col-0 gutters-col-v-lg-2 gutters-col-v-md-2 gutters-col-v-2\">\r\n          <!---->\r\n          <div class=\"h-column h-column-container d-flex h-col-lg-auto h-col-md-auto h-col-auto style-776-outer style-local-1257-c4-outer\">\r\n            <div data-colibri-id=\"1257-c4\" class=\"d-flex h-flex-basis h-column__inner h-px-lg-2 h-px-md-2 h-px-2 v-inner-lg-2 v-inner-md-2 v-inner-2 style-776 style-local-1257-c4 position-relative\">\r\n              <!---->\r\n              <!---->\r\n              <div class=\"w-100 h-y-container h-column__content h-column__v-align flex-basis-100 align-self-lg-start align-self-md-start align-self-start\">\r\n                <!---->\r\n                <div data-colibri-id=\"1257-c5\" class=\"d-block style-777 style-local-1257-c5 position-relative h-element\">\r\n                  <!---->\r\n                  <div class=\"h-image__frame-container-outer\">\r\n                    <div class=\"h-image__frame-container\">\r\n                      <!---->\r\n                      <!---->\r\n                      <img loading=\"lazy\" decoding=\"async\" width=\"1707\" height=\"2560\" src=\"https:\/\/www.schaum-feuerloescher.ch\/wp-content\/uploads\/2020\/11\/cropped-S-2-JM-Bio-13-super-1-scaled-1.jpg\" class=\"wp-image-1122 style-777-image style-local-1257-c5-image\" alt=\"Schaum-Feuerl\u00f6scher 2 Liter\" srcset=\"https:\/\/www.schaum-feuerloescher.ch\/wp-content\/uploads\/2020\/11\/cropped-S-2-JM-Bio-13-super-1-scaled-1.jpg 1707w, https:\/\/www.schaum-feuerloescher.ch\/wp-content\/uploads\/2020\/11\/cropped-S-2-JM-Bio-13-super-1-scaled-1-200x300.jpg 200w, https:\/\/www.schaum-feuerloescher.ch\/wp-content\/uploads\/2020\/11\/cropped-S-2-JM-Bio-13-super-1-scaled-1-683x1024.jpg 683w, https:\/\/www.schaum-feuerloescher.ch\/wp-content\/uploads\/2020\/11\/cropped-S-2-JM-Bio-13-super-1-scaled-1-768x1152.jpg 768w, https:\/\/www.schaum-feuerloescher.ch\/wp-content\/uploads\/2020\/11\/cropped-S-2-JM-Bio-13-super-1-scaled-1-1024x1536.jpg 1024w, https:\/\/www.schaum-feuerloescher.ch\/wp-content\/uploads\/2020\/11\/cropped-S-2-JM-Bio-13-super-1-scaled-1-1366x2048.jpg 1366w\" sizes=\"auto, (max-width: 1707px) 100vw, 1707px\" \/>\r\n                      <div class=\"h-image__frame h-hide-lg h-hide-md h-hide-sm style-777-frameImage style-local-1257-c5-frameImage\"><\/div>\r\n                    <\/div>\r\n                  <\/div>\r\n                <\/div>\r\n              <\/div>\r\n            <\/div>\r\n          <\/div>\r\n        <\/div>\r\n      <\/div>\r\n      <div data-colibri-id=\"1257-c6\" class=\"h-row-container gutters-row-lg-2 gutters-row-md-2 gutters-row-0 gutters-row-v-lg-2 gutters-row-v-md-2 gutters-row-v-2 style-778 style-local-1257-c6 position-relative\">\r\n        <!---->\r\n        <div class=\"h-row justify-content-lg-center justify-content-md-center justify-content-center align-items-lg-stretch align-items-md-stretch align-items-stretch gutters-col-lg-2 gutters-col-md-2 gutters-col-0 gutters-col-v-lg-2 gutters-col-v-md-2 gutters-col-v-2\">\r\n          <!---->\r\n          <div class=\"h-column h-column-container d-flex h-col-lg-auto h-col-md-auto h-col-auto style-779-outer style-local-1257-c7-outer\">\r\n            <div data-colibri-id=\"1257-c7\" class=\"d-flex h-flex-basis h-column__inner h-px-lg-2 h-px-md-2 h-px-2 v-inner-lg-2 v-inner-md-2 v-inner-2 style-779 style-local-1257-c7 position-relative\">\r\n              <!---->\r\n              <!---->\r\n              <div class=\"w-100 h-y-container h-column__content h-column__v-align flex-basis-100 align-self-lg-start align-self-md-start align-self-start\">\r\n                <!---->\r\n                <div data-colibri-id=\"1257-c8\" class=\"h-text h-text-component style-780 style-local-1257-c8 position-relative h-element\">\r\n                  <!---->\r\n                  <!---->\r\n                  <div class=\"\">\r\n                    <p>Made in Deutschland\r\n                      <br>Sehr gute L\u00f6schleistung\r\n                      <br>Geeignet f\u00fcr feste, glutbildende und fl\u00fcssige bzw. fl\u00fcssig werdende Stoffe\r\n                      <br>Preiswerter L\u00f6schmitteltausch\r\n                      <br>Optimale Handhabung\r\n                      <br>Einheitliches Bedienungskonzept\r\n                      <br>Hochleistungsl\u00f6schmittel\r\n                      <br>Froststicher<\/p>\r\n                  <\/div>\r\n                <\/div>\r\n              <\/div>\r\n            <\/div>\r\n          <\/div>\r\n          <div class=\"h-column h-column-container d-flex h-col-lg-auto h-col-md-auto h-col-auto style-781-outer style-local-1257-c9-outer\">\r\n            <div data-colibri-id=\"1257-c9\" class=\"d-flex h-flex-basis h-column__inner h-px-lg-2 h-px-md-2 h-px-2 v-inner-lg-2 v-inner-md-2 v-inner-2 style-781 style-local-1257-c9 position-relative\">\r\n              <!---->\r\n              <!---->\r\n              <div class=\"w-100 h-y-container h-column__content h-column__v-align flex-basis-100 align-self-lg-start align-self-md-start align-self-start\">\r\n                <!---->\r\n                <div data-colibri-id=\"1257-c10\" class=\"h-text h-text-component style-782 style-local-1257-c10 position-relative h-element\">\r\n                  <!---->\r\n                  <!---->\r\n                  <div class=\"\">\r\n                    <p>Pr\u00e4zise L\u00f6schmitteldosierung\r\n                      <br>Kunststoffarmaturen\r\n                      <br>Einfach zu bedienen\r\n                      <br>Gekennzeichnete Bedienelemente\r\n                      <br>Ergonomischer Handgriff\r\n                      <br>Drehbar in Halterung\r\n                      <br>Komfortable Aufbewahrung\r\n                      <br>Schnelle Betriebsbereitschaft\r\n                      <br>Stabiler Drahthalter<\/p>\r\n                  <\/div>\r\n                <\/div>\r\n              <\/div>\r\n            <\/div>\r\n          <\/div>\r\n          <div class=\"h-column h-column-container d-flex h-col-lg-auto h-col-md-auto h-col-auto style-783-outer style-local-1257-c11-outer\">\r\n            <div data-colibri-id=\"1257-c11\" class=\"d-flex h-flex-basis h-column__inner h-px-lg-2 h-px-md-2 h-px-2 v-inner-lg-2 v-inner-md-2 v-inner-2 style-783 style-local-1257-c11 position-relative\">\r\n              <!---->\r\n              <!---->\r\n              <div class=\"w-100 h-y-container h-column__content h-column__v-align flex-basis-100 align-self-lg-start align-self-md-start align-self-start\">\r\n                <!---->\r\n                <div data-colibri-id=\"1257-c12\" class=\"h-text h-text-component style-784 style-local-1257-c12 position-relative h-element\">\r\n                  <!---->\r\n                  <!---->\r\n                  <div class=\"\">\r\n                    <p>Rating 5 A \/ 55 B\r\n                      <br>L\u00f6scheinheiten 1\r\n                      <br>Temp.-Bereich -20\u00b0 bis +60 \u00b0C\r\n                      <br>H\u00f6he 358 mm\r\n                      <br>Breite 170 mm\r\n                      <br>Tiefe 145 mm\r\n                      <br>Gewicht 3.8 kg\r\n                      <br>DIN Norm EN 3-7<\/p>\r\n                  <\/div>\r\n                <\/div>\r\n              <\/div>\r\n            <\/div>\r\n          <\/div>\r\n        <\/div>\r\n      <\/div>\r\n      <div data-colibri-id=\"1257-c13\" class=\"h-row-container gutters-row-lg-2 gutters-row-md-2 gutters-row-0 gutters-row-v-lg-2 gutters-row-v-md-2 gutters-row-v-2 style-785 style-local-1257-c13 position-relative\">\r\n        <!---->\r\n        <div class=\"h-row justify-content-lg-center justify-content-md-center justify-content-center align-items-lg-stretch align-items-md-stretch align-items-stretch gutters-col-lg-2 gutters-col-md-2 gutters-col-0 gutters-col-v-lg-2 gutters-col-v-md-2 gutters-col-v-2\">\r\n          <!---->\r\n          <div class=\"h-column h-column-container d-flex h-col-lg-auto h-col-md-auto h-col-auto style-786-outer style-local-1257-c14-outer\">\r\n            <div data-colibri-id=\"1257-c14\" class=\"d-flex h-flex-basis h-column__inner h-px-lg-2 h-px-md-2 h-px-2 v-inner-lg-2 v-inner-md-2 v-inner-2 style-786 style-local-1257-c14 position-relative\">\r\n              <!---->\r\n              <!---->\r\n              <div class=\"w-100 h-y-container h-column__content h-column__v-align flex-basis-100 align-self-lg-start align-self-md-start align-self-start\">\r\n                <!---->\r\n                <div data-colibri-id=\"1257-c15\" class=\"h-text h-text-component style-787 style-local-1257-c15 position-relative h-element\">\r\n                  <!---->\r\n                  <!---->\r\n                  <div class=\"\">\r\n                    <p>Diese handlichen Schauml\u00f6scher sind die ideale L\u00f6sung bei Entstehungsbr\u00e4nden der Brandklassen A und B im B\u00fcro. Aufgrund der geringen spezifischen Dichte sind wasserfilmbildende Schaummittel in der Lage, auf Oberfl\u00e4chen von brennenden\r\n                      Fl\u00fcssigkeiten, eine geschlossenen dampfdichten und w\u00e4ssrigen Film zu bilden. Diese Sperrschicht verhindert den Austritt von D\u00e4mpfen und Gasen und behindert dar\u00fcber hinaus noch die Sauerstoffzufuhr zum Brandgut. Das Feuer wird also\r\n                      erstickt. Bei Objekten der Brandklasse A erzielt der Schaum eine gas- dichte Schicht, die ebenfalls das Feuer erstickt. Zudem hat Schaum aufgrund seines Wasseranteils einen k\u00fchlenden Effekt. Der Schaum l\u00e4sst sich sp\u00e4ter gut entfernen.\r\n                      Durch einen deutlich verringerten Fluoranteil sind diese Jockel-Bio- Sch\u00e4ume bedeutend umweltfreundlicher. Selbstverst\u00e4ndlich verzichtet Jockel auf Schaumkonzentrat mit Perfluoroctansulfonat (PFOS) und Perfluoroctans\u00e4ure (PFOA).\r\n                      Dank einer optimierten Rezeptur, der Erh\u00f6hung der l\u00f6schaktiven Substanzen und der Fein- abstimmung \u00fcberzeugen die Hochleistungs-Bio- Sch\u00e4ume mit einer noch schlagkr\u00e4ftigeren L\u00f6schwirkung.<\/p>\r\n                    <h3><strong>Schaum&nbsp;Feuerl\u00f6scher, die Allrounder mit wenig Verschmutzung im B\u00fcro<\/strong><\/h3>\r\n                    <p><strong style=\"font-weight: 700;\">Schaum&nbsp;Feuerl\u00f6scher&nbsp;2&nbsp;Liter SF2JM5<\/strong>&nbsp;f\u00fcr das B\u00fcro, sind unsere kleinen Allrounder unter den L\u00f6schger\u00e4ten. Aufgrund ihres gro\u00dfen Einsatzspektrums in den Brandklassen A und\r\n                      B sind sie die ideale L\u00f6sung insbesondere auf Fahrzeugen und Booten oder im Campingbereich. Unsere Schauml\u00f6scher sind mit Hochleistungsl\u00f6schmittel bef\u00fcllt. Ein&nbsp;2&nbsp;Liter Ger\u00e4t erreicht das obere Ende der Ratingskala mit&nbsp;1\r\n                      LE.<\/p>\r\n                    <h3><strong>L\u00f6schwirkung<\/strong><\/h3>\r\n                    <p><span style=\"font-size: 12pt;\">Diese handlichen Schauml\u00f6scher f\u00fcr das B\u00fcro sind die ideale L\u00f6sung bei Entstehungsbr\u00e4nden der Brandklassen A und B. Aufgrund der geringen spezifischen Dichte sind wasserfilmbildende Schaummittel in der Lage, auf Oberfl\u00e4chen von brennenden Fl\u00fcssigkeiten, eine geschlossenen dampfdichten und w\u00e4ssrigen Film zu bilden. Diese Sperrschicht verhindert den Austritt von D\u00e4mpfen und Gasen und behindert dar\u00fcber hinaus noch die Sauerstoffzufuhr zum Brandgut. Das Feuer wird also erstickt. Bei Objekten der Brandklasse A erzielt der Schaum eine gasdichte Schicht, die ebenfalls das Feuer erstickt. Zudem hat Schaum aufgrund seines Wasseranteils einen k\u00fchlenden Effekt. Der Schaum l\u00e4sst sich sp\u00e4ter gut entfernen. <\/span><\/p>\r\n                    <h3><strong>Mehr Leistung geht nicht in der Gr\u00f6sse!<\/strong><\/h3>\r\n                    <p>Aufgrund einer laufend optimierten Rezeptur, der Erh\u00f6hung der l\u00f6schaktiven Substanzen und der Feinabstimmung \u00fcberzeugen die Hochleistungs-Bio-Sch\u00e4ume mit einer noch schlagkr\u00e4ftigeren L\u00f6schwirkung.<\/p>\r\n                    <h3><strong>Einsatzbereiche<\/strong><\/h3>\r\n                    <p>z.B. Haushalt, Fahrzeuge, Boote, Camper, Wohnwagen<\/p>\r\n                  <\/div>\r\n                <\/div>\r\n              <\/div>\r\n            <\/div>\r\n          <\/div>\r\n        <\/div>\r\n      <\/div>\r\n    <\/div>\r\n  <\/div>\r\n<\/div>","protected":false},"excerpt":{"rendered":"<p>Made in Deutschland Sehr gute L\u00f6schleistung Geeignet f\u00fcr feste, glutbildende und fl\u00fcssige bzw. fl\u00fcssig werdende Stoffe Preiswerter L\u00f6schmitteltausch Optimale Handhabung Einheitliches Bedienungskonzept Hochleistungsl\u00f6schmittel Froststicher Pr\u00e4zise L\u00f6schmitteldosierung Kunststoffarmaturen Einfach zu bedienen Gekennzeichnete Bedienelemente Ergonomischer Handgriff Drehbar in Halterung Komfortable Aufbewahrung Schnelle Betriebsbereitschaft Stabiler Drahthalter Rating 5 A \/ 55 B L\u00f6scheinheiten 1 Temp.-Bereich -20\u00b0 bis +60 [&hellip;]<\/p>\n","protected":false},"author":3,"featured_media":0,"parent":1115,"menu_order":1,"comment_status":"closed","ping_status":"closed","template":"page-templates\/full-width-page.php","meta":{"footnotes":""},"class_list":["post-1257","page","type-page","status-publish","hentry"],"aioseo_notices":[],"_links":{"self":[{"href":"https:\/\/www.schaum-feuerloescher.ch\/index.php\/wp-json\/wp\/v2\/pages\/1257","targetHints":{"allow":["GET"]}}],"collection":[{"href":"https:\/\/www.schaum-feuerloescher.ch\/index.php\/wp-json\/wp\/v2\/pages"}],"about":[{"href":"https:\/\/www.schaum-feuerloescher.ch\/index.php\/wp-json\/wp\/v2\/types\/page"}],"author":[{"embeddable":true,"href":"https:\/\/www.schaum-feuerloescher.ch\/index.php\/wp-json\/wp\/v2\/users\/3"}],"replies":[{"embeddable":true,"href":"https:\/\/www.schaum-feuerloescher.ch\/index.php\/wp-json\/wp\/v2\/comments?post=1257"}],"version-history":[{"count":2,"href":"https:\/\/www.schaum-feuerloescher.ch\/index.php\/wp-json\/wp\/v2\/pages\/1257\/revisions"}],"predecessor-version":[{"id":1262,"href":"https:\/\/www.schaum-feuerloescher.ch\/index.php\/wp-json\/wp\/v2\/pages\/1257\/revisions\/1262"}],"up":[{"embeddable":true,"href":"https:\/\/www.schaum-feuerloescher.ch\/index.php\/wp-json\/wp\/v2\/pages\/1115"}],"wp:attachment":[{"href":"https:\/\/www.schaum-feuerloescher.ch\/index.php\/wp-json\/wp\/v2\/media?parent=1257"}],"curies":[{"name":"wp","href":"https:\/\/api.w.org\/{rel}","templated":true}]}}