{"id":1267,"date":"2020-11-27T09:52:14","date_gmt":"2020-11-27T08:52:14","guid":{"rendered":"https:\/\/www.schaum-feuerloescher.ch\/?page_id=1267"},"modified":"2020-11-27T10:51:32","modified_gmt":"2020-11-27T09:51:32","slug":"schaum-feuerloescher-6-liter-fuer-das-buero","status":"publish","type":"page","link":"https:\/\/www.schaum-feuerloescher.ch\/index.php\/einsatzmoeglichkeiten\/buero-schaum-feuerloescher\/schaum-feuerloescher-6-liter-fuer-das-buero\/","title":{"rendered":"Schaum Feuerl\u00f6scher 6 Liter f\u00fcr das B\u00fcro"},"content":{"rendered":"<div data-colibri-id=\"1267-c1\" class=\"style-788 style-local-1267-c1 position-relative\">\n  <!---->\n  <div data-colibri-component=\"section\" data-colibri-id=\"1267-c2\" id=\"custom\" class=\"h-section h-section-global-spacing d-flex align-items-lg-center align-items-md-center align-items-center style-789 style-local-1267-c2 position-relative\">\n    <!---->\n    <!---->\n    <div class=\"h-section-grid-container h-section-boxed-container\">\n      <!---->\n      <div data-colibri-id=\"1267-c3\" class=\"h-row-container gutters-row-lg-2 gutters-row-md-2 gutters-row-0 gutters-row-v-lg-2 gutters-row-v-md-2 gutters-row-v-2 style-790 style-local-1267-c3 position-relative\">\n        <!---->\n        <div class=\"h-row justify-content-lg-center justify-content-md-center justify-content-center align-items-lg-stretch align-items-md-stretch align-items-stretch gutters-col-lg-2 gutters-col-md-2 gutters-col-0 gutters-col-v-lg-2 gutters-col-v-md-2 gutters-col-v-2\">\n          <!---->\n          <div class=\"h-column h-column-container d-flex h-col-lg-auto h-col-md-auto h-col-auto style-791-outer style-local-1267-c4-outer\">\n            <div data-colibri-id=\"1267-c4\" class=\"d-flex h-flex-basis h-column__inner h-px-lg-2 h-px-md-2 h-px-2 v-inner-lg-2 v-inner-md-2 v-inner-2 style-791 style-local-1267-c4 position-relative\">\n              <!---->\n              <!---->\n              <div class=\"w-100 h-y-container h-column__content h-column__v-align flex-basis-100 align-self-lg-start align-self-md-start align-self-start\">\n                <!---->\n                <div data-colibri-id=\"1267-c5\" class=\"d-block style-792 style-local-1267-c5 position-relative h-element\">\n                  <!---->\n                  <div class=\"h-image__frame-container-outer\">\n                    <div class=\"h-image__frame-container\">\n                      <!---->\n                      <!---->\n                      <img loading=\"lazy\" decoding=\"async\" width=\"329\" height=\"600\" src=\"https:\/\/www.schaum-feuerloescher.ch\/wp-content\/uploads\/2020\/11\/cropped-SB6817400-1-1.jpg\" class=\"wp-image-1179 style-792-image style-local-1267-c5-image\" alt=\"Schaum Feuerl\u00f6scher SK6Bio21\" srcset=\"https:\/\/www.schaum-feuerloescher.ch\/wp-content\/uploads\/2020\/11\/cropped-SB6817400-1-1.jpg 329w, https:\/\/www.schaum-feuerloescher.ch\/wp-content\/uploads\/2020\/11\/cropped-SB6817400-1-1-165x300.jpg 165w\" sizes=\"auto, (max-width: 329px) 100vw, 329px\" \/>\n                      <div class=\"h-image__frame h-hide-lg h-hide-md h-hide-sm style-792-frameImage style-local-1267-c5-frameImage\"><\/div>\n                    <\/div>\n                  <\/div>\n                <\/div>\n              <\/div>\n            <\/div>\n          <\/div>\n        <\/div>\n      <\/div>\n    <\/div>\n  <\/div>\n  <div data-colibri-component=\"section\" data-colibri-id=\"1267-c6\" id=\"custom-2\" class=\"h-section h-section-global-spacing d-flex align-items-lg-center align-items-md-center align-items-center style-793 style-local-1267-c6 position-relative\">\n    <!---->\n    <!---->\n    <div class=\"h-section-grid-container h-section-boxed-container\">\n      <!---->\n      <div data-colibri-id=\"1267-c7\" class=\"h-row-container gutters-row-lg-2 gutters-row-md-2 gutters-row-0 gutters-row-v-lg-2 gutters-row-v-md-2 gutters-row-v-2 style-794 style-local-1267-c7 position-relative\">\n        <!---->\n        <div class=\"h-row justify-content-lg-center justify-content-md-center justify-content-center align-items-lg-stretch align-items-md-stretch align-items-stretch gutters-col-lg-2 gutters-col-md-2 gutters-col-0 gutters-col-v-lg-2 gutters-col-v-md-2 gutters-col-v-2\">\n          <!---->\n          <div class=\"h-column h-column-container d-flex h-col-lg-auto h-col-md-auto h-col-auto style-795-outer style-local-1267-c8-outer\">\n            <div data-colibri-id=\"1267-c8\" class=\"d-flex h-flex-basis h-column__inner h-px-lg-2 h-px-md-2 h-px-2 v-inner-lg-2 v-inner-md-2 v-inner-2 style-795 style-local-1267-c8 position-relative\">\n              <!---->\n              <!---->\n              <div class=\"w-100 h-y-container h-column__content h-column__v-align flex-basis-100 align-self-lg-start align-self-md-start align-self-start\">\n                <!---->\n                <div data-colibri-id=\"1267-c9\" class=\"h-row-container gutters-row-lg-2 gutters-row-md-2 gutters-row-0 gutters-row-v-lg-2 gutters-row-v-md-2 gutters-row-v-2 style-796 style-local-1267-c9 position-relative\">\n                  <!---->\n                  <div class=\"h-row justify-content-lg-center justify-content-md-center justify-content-center align-items-lg-stretch align-items-md-stretch align-items-stretch gutters-col-lg-2 gutters-col-md-2 gutters-col-0 gutters-col-v-lg-2 gutters-col-v-md-2 gutters-col-v-2\">\n                    <!---->\n                    <div class=\"h-column h-column-container d-flex h-col-lg-auto h-col-md-auto h-col-auto style-797-outer style-local-1267-c10-outer\">\n                      <div data-colibri-id=\"1267-c10\" class=\"d-flex h-flex-basis h-column__inner h-px-lg-2 h-px-md-2 h-px-2 v-inner-lg-2 v-inner-md-2 v-inner-2 style-797 style-local-1267-c10 position-relative\">\n                        <!---->\n                        <!---->\n                        <div class=\"w-100 h-y-container h-column__content h-column__v-align flex-basis-100 align-self-lg-start align-self-md-start align-self-start\">\n                          <!---->\n                          <div data-colibri-id=\"1267-c11\" class=\"h-text h-text-component style-798 style-local-1267-c11 position-relative h-element\">\n                            <!---->\n                            <!---->\n                            <div class=\"\">\n                              <p>B\u00fcro Feuerl\u00f6scher 6 Liter SK6JBio21\n                                <br>Gute L\u00f6schleistung mit Bioschaum\n                                <br>Geeignet f\u00fcr feste, glutbildende und fl\u00fcssige bzw. fl\u00fcssig werdende Stoffe\n                                <br>Preiswerter L\u00f6schmitteltausch\n                                <br>Optimale Handhabung des Ger\u00e4tes\n                                <br>Einheitliches Bedienungskonzept\n                                <br>Hochleistungsl\u00f6schmittel\n                                <br>Wartungsfreundlich<\/p>\n                            <\/div>\n                          <\/div>\n                        <\/div>\n                      <\/div>\n                    <\/div>\n                    <div class=\"h-column h-column-container d-flex h-col-lg-auto h-col-md-auto h-col-auto style-799-outer style-local-1267-c12-outer\">\n                      <div data-colibri-id=\"1267-c12\" class=\"d-flex h-flex-basis h-column__inner h-px-lg-2 h-px-md-2 h-px-2 v-inner-lg-2 v-inner-md-2 v-inner-2 style-799 style-local-1267-c12 position-relative\">\n                        <!---->\n                        <!---->\n                        <div class=\"w-100 h-y-container h-column__content h-column__v-align flex-basis-100 align-self-lg-start align-self-md-start align-self-start\">\n                          <!---->\n                          <div data-colibri-id=\"1267-c13\" class=\"h-text h-text-component style-800 style-local-1267-c13 position-relative h-element\">\n                            <!---->\n                            <!---->\n                            <div class=\"\">\n                              <p>Effektive Dosierung\n                                <br>Ergonomische L\u00f6schpistole\n                                <br>Einfach zu bet\u00e4tigen\n                                <br>Farbige Bedienelemente\n                                <br>Ergonomischer Handgriff\n                                <br>Drehbare L\u00f6schpistole\n                                <br>Praktische Schlauchf\u00fchrung\n                                <br>Schnelle Betriebsbereitschaft\n                                <br>Stabiler Fussring<\/p>\n                            <\/div>\n                          <\/div>\n                        <\/div>\n                      <\/div>\n                    <\/div>\n                    <div class=\"h-column h-column-container d-flex h-col-lg-auto h-col-md-auto h-col-auto style-801-outer style-local-1267-c14-outer\">\n                      <div data-colibri-id=\"1267-c14\" class=\"d-flex h-flex-basis h-column__inner h-px-lg-2 h-px-md-2 h-px-2 v-inner-lg-2 v-inner-md-2 v-inner-2 style-801 style-local-1267-c14 position-relative\">\n                        <!---->\n                        <!---->\n                        <div class=\"w-100 h-y-container h-column__content h-column__v-align flex-basis-100 align-self-lg-start align-self-md-start align-self-start\">\n                          <!---->\n                          <div data-colibri-id=\"1267-c15\" class=\"h-text h-text-component style-802 style-local-1267-c15 position-relative h-element\">\n                            <!---->\n                            <!---->\n                            <div class=\"\">\n                              <p>Rating 21 A \/ 183 B\n                                <br>L\u00f6scheinheiten 6\n                                <br>Temp.-Bereich +0\u00b0 bis +60 \u00b0C\n                                <br>H\u00f6he 560 mm\n                                <br>Breite 270 mm\n                                <br>Tiefe 170 mm\n                                <br>Traggewicht 10.5 kg\n                                <br>Inklusive Wandhalterung\n                                <br>VKF Nummer 26193<\/p>\n                            <\/div>\n                          <\/div>\n                        <\/div>\n                      <\/div>\n                    <\/div>\n                  <\/div>\n                <\/div>\n              <\/div>\n            <\/div>\n          <\/div>\n        <\/div>\n      <\/div>\n      <div data-colibri-id=\"1267-c16\" class=\"h-row-container gutters-row-lg-2 gutters-row-md-2 gutters-row-0 gutters-row-v-lg-2 gutters-row-v-md-2 gutters-row-v-2 style-803 style-local-1267-c16 position-relative\">\n        <!---->\n        <div class=\"h-row justify-content-lg-center justify-content-md-center justify-content-center align-items-lg-stretch align-items-md-stretch align-items-stretch gutters-col-lg-2 gutters-col-md-2 gutters-col-0 gutters-col-v-lg-2 gutters-col-v-md-2 gutters-col-v-2\">\n          <!---->\n          <div class=\"h-column h-column-container d-flex h-col-lg-auto h-col-md-auto h-col-auto style-804-outer style-local-1267-c17-outer\">\n            <div data-colibri-id=\"1267-c17\" class=\"d-flex h-flex-basis h-column__inner h-px-lg-2 h-px-md-2 h-px-2 v-inner-lg-2 v-inner-md-2 v-inner-2 style-804 style-local-1267-c17 position-relative\">\n              <!---->\n              <!---->\n              <div class=\"w-100 h-y-container h-column__content h-column__v-align flex-basis-100 align-self-lg-start align-self-md-start align-self-start\">\n                <!---->\n                <div data-colibri-id=\"1267-c18\" class=\"h-text h-text-component style-805 style-local-1267-c18 position-relative h-element\">\n                  <!---->\n                  <!---->\n                  <div class=\"\">\n                    <p>Jockel-Kartuschenl\u00f6scher SK 6\/9JX Bio f\u00fcr das B\u00fcro z\u00e4hlen zu den innovativen Feuerl\u00f6schger\u00e4ten, weil hier eine sortenreine Trennung von Schaumkonzentrat und Wasser m\u00f6glich ist. Somit werden die Belastungen f\u00fcr die Umwelt erheblich\n                      reduziert. Durch die getrennte Bevorratung des L\u00f6schmittelkonzentrats in einer separaten Kartusche wird die Haltbarkeit erh\u00f6ht, so dass bei der Wartung innerhalb der Haltbarkeitszeit nur das Wasser ersetzt werden muss.<\/p>\n                    <p>Nach dieser Zeit ist eine geringe L\u00f6schmittelmenge zu entsorgen, was einen minimierten Zeitaufwand erfordert. Daher ist diese Konstruktion nicht nur besonders wartungsfreundlich und \u00f6kologisch, sondern auch \u00f6konomisch. Der Einsatz\n                      unserer innenliegender montierten Kartusche, mit Druckleitung zur Aktivierung, sorgt dar\u00fcber hinaus f\u00fcr eine optimale Vermischung des L\u00f6schmittels im Einsatzfall. Die L\u00f6sung im B\u00fcro.<\/p>\n                    <p>Jockel-Kartuschenl\u00f6scher SK 6\/9 JX Bio f\u00fcr das B\u00fcro \u00fcberzeugen durch ihre erh\u00f6hte L\u00f6schleistung. Diese wurde erreicht, indem das Wasser im Beh\u00e4lter ebenfalls durch l\u00f6schaktive Substanzen angereichert wurde. Zwar ist auch hier der Fluoranteil\n                      deutlich gesenkt worden, aber dennoch muss das Wasser fachgerecht entsorgt werden.<\/p>\n                    <p>Innovativ, zuverl\u00e4ssig und einfach zu bedienen: Der Schaum-Feuerl\u00f6scher mit Bio Schaum SK6J BIO21 mit 6 Liter Inhalt eignet sich perfekt f\u00fcr das B\u00fcro.<\/p>\n                    <p>Der biologische Schaum, der sich gezielt dosieren l\u00e4sst, bildet auf der Oberfl\u00e4che des Brandgutes einen geschlossenen und dampfdichten Wasserfilm auch bei brennenden Fl\u00fcssigkeiten. Diese Sperrschicht verhindert, dass D\u00e4mpfe und Gase\n                      austreten, was die Sauerstoffzufuhr zum Brandgut unterbindet und das Feuer erstickt. Zudem k\u00fchlt der Schaum aufgrund seines Wasseranteils.<\/p>\n                    <p>Bei einem Sicherheitsabstand von 1 Meter bek\u00e4mpft der Schaum-Feuerl\u00f6scher SK6J BIO21 von Schweizer Brandschutz auch brennende elektrische Anlagen bis 1000 Volt, was im B\u00fcro mehr als ausreichend ist.<\/p>\n                    <p>Wenn Sie sich f\u00fcr den Kauf eines Schaum Feuerl\u00f6scher f\u00fcr das B\u00fcro interessieren, dann kaufen Sie einen Schaum Feuerl\u00f6scher der auch im Test perfekt abgeschnitten hat. Je nach Anwendung wird das 6 Liter Schaum Ger\u00e4t bereits reichen,\n                      da dieses im Praxis Test sehr gut abgeschnitten hat. Bedenken Sie dabei, kaufen ist das eine, jeder Feuerl\u00f6scher ben\u00f6tigt auch eine regelm\u00e4ssige Wartung.<\/p>\n                    <p>\n                      <br>\n                    <\/p>\n                  <\/div>\n                <\/div>\n              <\/div>\n            <\/div>\n          <\/div>\n        <\/div>\n      <\/div>\n      <div data-colibri-id=\"1267-c19\" class=\"h-row-container gutters-row-lg-2 gutters-row-md-2 gutters-row-0 gutters-row-v-lg-2 gutters-row-v-md-2 gutters-row-v-2 style-806 style-local-1267-c19 position-relative\">\n        <!---->\n        <div class=\"h-row justify-content-lg-center justify-content-md-center justify-content-center align-items-lg-stretch align-items-md-stretch align-items-stretch gutters-col-lg-2 gutters-col-md-2 gutters-col-0 gutters-col-v-lg-2 gutters-col-v-md-2 gutters-col-v-2\">\n          <!---->\n          <div class=\"h-column h-column-container d-flex h-col-lg-auto h-col-md-auto h-col-auto style-807-outer style-local-1267-c20-outer\">\n            <div data-colibri-id=\"1267-c20\" class=\"d-flex h-flex-basis h-column__inner h-px-lg-2 h-px-md-2 h-px-2 v-inner-lg-2 v-inner-md-2 v-inner-2 style-807 style-local-1267-c20 position-relative\">\n              <!---->\n              <!---->\n              <div class=\"w-100 h-y-container h-column__content h-column__v-align flex-basis-100 align-self-lg-start align-self-md-start align-self-start\">\n                <!---->\n                <div data-colibri-id=\"1267-c21\" class=\"h-x-container style-808 style-local-1267-c21 position-relative h-element\">\n                  <!---->\n                  <div class=\"h-x-container-inner style-dynamic-1267-c21-group style-808-spacing style-local-1267-c21-spacing\"><span class=\"h-button__outer style-809-outer style-local-1267-c22-outer d-inline-flex h-element\"><a h-use-smooth-scroll=\"true\" href=\"https:\/\/www.schweizer-brandschutz.ch\/Haushalts-Feuerloescher-6-Liter-SK6J-Bio21\"  data-colibri-id=\"1267-c22\" class=\"d-flex w-100 align-items-center h-button justify-content-lg-center justify-content-md-center justify-content-center style-809 style-local-1267-c22 position-relative\"><!----><!----> <span>Hier gehts zum Online Shop<\/span><\/a>\n                    <\/span>\n                  <\/div>\n                <\/div>\n              <\/div>\n            <\/div>\n          <\/div>\n        <\/div>\n      <\/div>\n    <\/div>\n  <\/div>\n<\/div>","protected":false},"excerpt":{"rendered":"<p>B\u00fcro Feuerl\u00f6scher 6 Liter SK6JBio21 Gute L\u00f6schleistung mit Bioschaum Geeignet f\u00fcr feste, glutbildende und fl\u00fcssige bzw. fl\u00fcssig werdende Stoffe Preiswerter L\u00f6schmitteltausch Optimale Handhabung des Ger\u00e4tes Einheitliches Bedienungskonzept Hochleistungsl\u00f6schmittel Wartungsfreundlich Effektive Dosierung Ergonomische L\u00f6schpistole Einfach zu bet\u00e4tigen Farbige Bedienelemente Ergonomischer Handgriff Drehbare L\u00f6schpistole Praktische Schlauchf\u00fchrung Schnelle Betriebsbereitschaft Stabiler Fussring Rating 21 A \/ 183 B L\u00f6scheinheiten [&hellip;]<\/p>\n","protected":false},"author":3,"featured_media":0,"parent":1115,"menu_order":2,"comment_status":"closed","ping_status":"closed","template":"page-templates\/full-width-page.php","meta":{"footnotes":""},"class_list":["post-1267","page","type-page","status-publish","hentry"],"aioseo_notices":[],"_links":{"self":[{"href":"https:\/\/www.schaum-feuerloescher.ch\/index.php\/wp-json\/wp\/v2\/pages\/1267","targetHints":{"allow":["GET"]}}],"collection":[{"href":"https:\/\/www.schaum-feuerloescher.ch\/index.php\/wp-json\/wp\/v2\/pages"}],"about":[{"href":"https:\/\/www.schaum-feuerloescher.ch\/index.php\/wp-json\/wp\/v2\/types\/page"}],"author":[{"embeddable":true,"href":"https:\/\/www.schaum-feuerloescher.ch\/index.php\/wp-json\/wp\/v2\/users\/3"}],"replies":[{"embeddable":true,"href":"https:\/\/www.schaum-feuerloescher.ch\/index.php\/wp-json\/wp\/v2\/comments?post=1267"}],"version-history":[{"count":3,"href":"https:\/\/www.schaum-feuerloescher.ch\/index.php\/wp-json\/wp\/v2\/pages\/1267\/revisions"}],"predecessor-version":[{"id":1279,"href":"https:\/\/www.schaum-feuerloescher.ch\/index.php\/wp-json\/wp\/v2\/pages\/1267\/revisions\/1279"}],"up":[{"embeddable":true,"href":"https:\/\/www.schaum-feuerloescher.ch\/index.php\/wp-json\/wp\/v2\/pages\/1115"}],"wp:attachment":[{"href":"https:\/\/www.schaum-feuerloescher.ch\/index.php\/wp-json\/wp\/v2\/media?parent=1267"}],"curies":[{"name":"wp","href":"https:\/\/api.w.org\/{rel}","templated":true}]}}