{"id":32,"date":"2020-10-29T08:15:00","date_gmt":"2020-10-29T08:15:00","guid":{"rendered":"https:\/\/www.schaum-feuerloescher.ch\/index.php\/colibri-wp\/"},"modified":"2021-07-01T13:24:58","modified_gmt":"2021-07-01T12:24:58","slug":"colibri-wp","status":"publish","type":"page","link":"https:\/\/www.schaum-feuerloescher.ch\/","title":{"rendered":"Schaum Feuerl\u00f6scher mit Bioschaum"},"content":{"rendered":"<div data-colibri-id=\"32-c1\" class=\"style-188 style-local-32-c1 position-relative\">\n  <!---->\n  <div data-colibri-component=\"section\" data-colibri-id=\"32-c2\" id=\"overlappable\" class=\"h-section h-section-global-spacing d-flex align-items-lg-center align-items-md-center align-items-center style-237 style-local-32-c2 position-relative\">\n    <!---->\n    <!---->\n    <div class=\"h-section-grid-container h-section-boxed-container\">\n      <div data-colibri-id=\"32-c36\" class=\"h-row-container gutters-row-lg-2 gutters-row-md-2 gutters-row-0 gutters-row-v-lg-2 gutters-row-v-md-2 gutters-row-v-2 style-280 style-local-32-c36 position-relative\">\n        <!---->\n        <div class=\"h-row justify-content-lg-center justify-content-md-center justify-content-center align-items-lg-stretch align-items-md-stretch align-items-stretch gutters-col-lg-2 gutters-col-md-2 gutters-col-0 gutters-col-v-lg-2 gutters-col-v-md-2 gutters-col-v-2\">\n          <!---->\n          <div class=\"h-column h-column-container d-flex h-col-lg-auto h-col-md-auto h-col-auto style-281-outer style-local-32-c37-outer\">\n            <div data-colibri-id=\"32-c37\" class=\"d-flex h-flex-basis h-column__inner h-px-lg-2 h-px-md-2 h-px-2 v-inner-lg-2 v-inner-md-2 v-inner-2 style-281 style-local-32-c37 position-relative\">\n              <!---->\n              <!---->\n              <div class=\"w-100 h-y-container h-column__content h-column__v-align flex-basis-100 align-self-lg-start align-self-md-start align-self-start\">\n                <!---->\n                <div data-colibri-id=\"32-c38\" class=\"h-global-transition-all h-heading style-525 style-local-32-c38 position-relative h-element\">\n                  <!---->\n                  <div class=\"h-heading__outer style-525 style-local-32-c38\">\n                    <!---->\n                    <!---->\n                    <a href=\"https:\/\/www.schweizer-brandschutz.ch\/Schaum-Feuerloescher-mit-Bio-Schaum\" h-use-smooth-scroll=\"true\">\n                      <h2 class=\"\">Was ist ein Schaum-Feuerl\u00f6scher<\/h2>\n                    <\/a>\n                  <\/div>\n                <\/div>\n                <div data-colibri-id=\"32-c39\" class=\"h-text h-text-component style-283 style-local-32-c39 position-relative h-element\">\n                  <!---->\n                  <!---->\n                  <div class=\"\">\n                    <p>Schauml\u00f6scher mit Bio-Sch\u00e4umen f\u00fcr fl\u00fcssige und fl\u00fcssigwerdende Stoffe. Schaum-Feuerl\u00f6scher sind die ideale L\u00f6sung bei Entstehungsbr\u00e4nden der Brandklasse A und B. Da sich Schaum sp\u00e4ter nahezu r\u00fcckstandsfrei entfernen l\u00e4sst, ist er\n                      ideal z.B. f\u00fcr Wohnbereiche, Verkaufsfl\u00e4chen oder Verwaltungsbereiche. Aufgrund der geringen spezifischen Dichte sind wasserfilmbildende Schaummittel in der Lage, auf der Oberfl\u00e4che des Brandgutes einen geschlossenen dampfdichten\n                      und w\u00e4ssrigen Film zu bilden, auch bei brennenden Fl\u00fcssigkeiten. Diese Sperrschicht verhindert den Austritt von D\u00e4mpfen und Gasen. So wird die Sauerstoffzufuhr zum Brandgut unterbunden und das Feuer erstickt. Zudem hat Schaum aufgrund\n                      seines Wasseranteils einen k\u00fchlenden Effekt. Selbstverst\u00e4ndlich verzichtet Jockel auf Schaumkonzentrat mit Perfluoroctansulfonat (PFOS) und Perfluoroctans\u00e4ure (PFOA). Stattdessen verwendet Jockel zukunftssichere Schaumrezepturen\n                      mit polyfluorierten Tensiden auf Basis von C6-Fluortelomeren.Einsatzbereichez.B. Verkaufs- und Lagerfl\u00e4chen, Verwaltung- &amp; Industriebetriebe, Flugh\u00e4fen, Wohnbereiche, B\u00fcror\u00e4ume, Praxen.\n                      <br>Der ideale Schaum-Feuerl\u00f6scher f\u00fcr die Brandbek\u00e4mpfung.<\/p>\n                  <\/div>\n                <\/div>\n              <\/div>\n            <\/div>\n          <\/div>\n        <\/div>\n      <\/div>\n      <div data-colibri-id=\"32-c3\" class=\"h-row-container gutters-row-lg-2 gutters-row-md-2 gutters-row-0 gutters-row-v-lg-2 gutters-row-v-md-2 gutters-row-v-2 style-526 style-local-32-c3 position-relative\">\n        <!---->\n        <div class=\"h-row justify-content-lg-center justify-content-md-center justify-content-center align-items-lg-stretch align-items-md-stretch align-items-stretch gutters-col-lg-2 gutters-col-md-2 gutters-col-0 gutters-col-v-lg-2 gutters-col-v-md-2 gutters-col-v-2\">\n          <!---->\n          <div class=\"h-column h-column-container d-flex h-col-lg-auto h-col-md-auto h-col-auto style-527-outer style-local-32-c4-outer\">\n            <div data-colibri-id=\"32-c4\" class=\"d-flex h-flex-basis h-column__inner h-px-lg-2 h-px-md-2 h-px-2 v-inner-lg-2 v-inner-md-2 v-inner-2 style-527 style-local-32-c4 position-relative\">\n              <!---->\n              <!---->\n              <div class=\"w-100 h-y-container h-column__content h-column__v-align flex-basis-100 align-self-lg-start align-self-md-start align-self-start\">\n                <!---->\n                <div data-colibri-id=\"32-c5\" class=\"h-global-transition-all h-heading style-519 style-local-32-c5 position-relative h-element\">\n                  <!---->\n                  <div class=\"h-heading__outer style-519 style-local-32-c5\">\n                    <!---->\n                    <!---->\n                    <h3 class=\"\">Unsere Qualit\u00e4t<\/h3>\n                  <\/div>\n                <\/div>\n              <\/div>\n            <\/div>\n          <\/div>\n        <\/div>\n      <\/div>\n      <div data-colibri-id=\"32-c6\" class=\"h-row-container gutters-row-lg-0 gutters-row-md-0 gutters-row-2 gutters-row-v-lg-0 gutters-row-v-md-0 gutters-row-v-2 style-238 style-local-32-c6 position-relative\">\n        <!---->\n        <div class=\"h-row justify-content-lg-center justify-content-md-center justify-content-center align-items-lg-stretch align-items-md-stretch align-items-stretch gutters-col-lg-0 gutters-col-md-0 gutters-col-2 gutters-col-v-lg-0 gutters-col-v-md-0 gutters-col-v-2\">\n          <!---->\n          <div class=\"h-column h-column-container d-flex h-col-lg-3 h-col-md-3 h-col-12 style-239-outer style-local-32-c7-outer\">\n            <div data-colibri-id=\"32-c7\" class=\"d-flex h-flex-basis h-column__inner h-px-lg-3 h-px-md-3 h-px-2 v-inner-lg-3 v-inner-md-3 v-inner-2 style-239 style-local-32-c7 position-relative\">\n              <!---->\n              <!---->\n              <div class=\"w-100 h-y-container h-column__content h-column__v-align flex-basis-100 align-self-lg-center align-self-md-center align-self-center\">\n                <!---->\n                <div data-colibri-id=\"32-c8\" class=\"h-icon style-240 style-local-32-c8 position-relative h-element\">\n                  <!----><span class=\"h-svg-icon h-icon__icon style-240-icon style-local-32-c8-icon\"><!--Icon by Font Awesome (https:\/\/fontawesome.com)--><svg version=\"1.1\" xmlns=\"http:\/\/www.w3.org\/2000\/svg\" xmlns:xlink=\"http:\/\/www.w3.org\/1999\/xlink\" id=\"file-o\" viewBox=\"0 0 1611.2499 1896.0833\"><path d=\"M1468 380q28 28 48 76t20 88v1152q0 40-28 68t-68 28H96q-40 0-68-28t-28-68V96q0-40 28-68T96 0h896q40 0 88 20t76 48zm-444-244v376h376q-10-29-22-41l-313-313q-12-12-41-22zm384 1528V640H992q-40 0-68-28t-28-68V128H128v1536h1280z\"><\/path><\/svg><\/span><\/div>\n                <div\n                  data-colibri-id=\"32-c9\" class=\"h-global-transition-all h-heading style-241 style-local-32-c9 position-relative h-element\">\n                  <!---->\n                  <div class=\"h-heading__outer style-241 style-local-32-c9\">\n                    <!---->\n                    <!---->\n                    <h5 class=\"\">Sichere Bedienung<\/h5>\n                  <\/div>\n              <\/div>\n              <div data-colibri-id=\"32-c10\" class=\"h-text h-text-component style-242 style-local-32-c10 position-relative h-element\">\n                <!---->\n                <!---->\n                <div class=\"\">\n                  <p><span style=\"color: rgb(119, 119, 119); font-family: Muli, Helvetica, Arial, sans-serif; font-size: 18px; font-weight: 400;\">Leichte Handhabung<\/span>\n                    <br>Gezielte L\u00f6schmitteldosierung\n                    <br>Zugsicherung\n                    <br>Ergonomische Tragegriffe\n                    <br>Geeignet bis 1000 Volt<\/p>\n                <\/div>\n              <\/div>\n            <\/div>\n          <\/div>\n        <\/div>\n        <div class=\"h-column h-column-container d-flex h-col-lg-3 h-col-md-3 h-col-12 style-239-outer style-local-32-c11-outer\">\n          <div data-colibri-id=\"32-c11\" class=\"d-flex h-flex-basis h-column__inner h-px-lg-3 h-px-md-3 h-px-2 v-inner-lg-3 v-inner-md-3 v-inner-2 style-239 style-local-32-c11 position-relative\">\n            <!---->\n            <!---->\n            <div class=\"w-100 h-y-container h-column__content h-column__v-align flex-basis-100 align-self-lg-center align-self-md-center align-self-center\">\n              <!---->\n              <div data-colibri-id=\"32-c12\" class=\"h-icon style-240 style-local-32-c12 position-relative h-element\">\n                <!----><span class=\"h-svg-icon h-icon__icon style-240-icon style-local-32-c12-icon\"><!--Icon by Font Awesome (https:\/\/fontawesome.com)--><svg version=\"1.1\" xmlns=\"http:\/\/www.w3.org\/2000\/svg\" xmlns:xlink=\"http:\/\/www.w3.org\/1999\/xlink\" id=\"cloud-download\" viewBox=\"0 0 1920 1896.0833\"><path d=\"M1280 928q0-14-9-23t-23-9h-224V544q0-13-9.5-22.5T992 512H800q-13 0-22.5 9.5T768 544v352H544q-13 0-22.5 9.5T512 928q0 14 9 23l352 352q9 9 23 9t23-9l351-351q10-12 10-24zm640 224q0 159-112.5 271.5T1536 1536H448q-185 0-316.5-131.5T0 1088q0-130 70-240t188-165q-2-30-2-43 0-212 150-362t362-150q156 0 285.5 87T1242 446q71-62 166-62 106 0 181 75t75 181q0 76-41 138 130 31 213.5 135.5T1920 1152z\"><\/path><\/svg><\/span><\/div>\n              <div\n                data-colibri-id=\"32-c13\" class=\"h-global-transition-all h-heading style-241 style-local-32-c13 position-relative h-element\">\n                <!---->\n                <div class=\"h-heading__outer style-241 style-local-32-c13\">\n                  <!---->\n                  <!---->\n                  <h5 class=\"\">durchdachte Konstruktion<\/h5>\n                <\/div>\n            <\/div>\n            <div data-colibri-id=\"32-c14\" class=\"h-text h-text-component style-242 style-local-32-c14 position-relative h-element\">\n              <!---->\n              <!---->\n              <div class=\"\">\n                <p>Kompakte stabile Armatur\n                  <br>Geeignet f\u00fcr Brandklassen A\/B\n                  <br>Innenliegende Schaumkartusche\n                  <br>Hohe L\u00f6schkraft\n                  <br>Mit Fussring f\u00fcr sicheren Stand\n                  <br>\n                  <br>\n                <\/p>\n              <\/div>\n            <\/div>\n          <\/div>\n        <\/div>\n      <\/div>\n      <div class=\"h-column h-column-container d-flex h-col-lg-3 h-col-md-3 h-col-12 style-239-outer style-local-32-c15-outer\">\n        <div data-colibri-id=\"32-c15\" class=\"d-flex h-flex-basis h-column__inner h-px-lg-3 h-px-md-3 h-px-2 v-inner-lg-3 v-inner-md-3 v-inner-2 style-239 style-local-32-c15 position-relative\">\n          <!---->\n          <!---->\n          <div class=\"w-100 h-y-container h-column__content h-column__v-align flex-basis-100 align-self-lg-center align-self-md-center align-self-center\">\n            <!---->\n            <div data-colibri-id=\"32-c16\" class=\"h-icon style-240 style-local-32-c16 position-relative h-element\">\n              <!----><span class=\"h-svg-icon h-icon__icon style-240-icon style-local-32-c16-icon\"><!--Icon by Font Awesome (https:\/\/fontawesome.com)--><svg version=\"1.1\" xmlns=\"http:\/\/www.w3.org\/2000\/svg\" xmlns:xlink=\"http:\/\/www.w3.org\/1999\/xlink\" id=\"smile-o\" viewBox=\"0 0 1536 1896.0833\"><path d=\"M1134 1075q-37 121-138 195t-228 74-228-74-138-195q-8-25 4-48.5t38-31.5q25-8 48.5 4t31.5 38q25 80 92.5 129.5T768 1216t151.5-49.5T1012 1037q8-26 32-38t49-4 37 31.5 4 48.5zM640 640q0 53-37.5 90.5T512 768t-90.5-37.5T384 640t37.5-90.5T512 512t90.5 37.5T640 640zm512 0q0 53-37.5 90.5T1024 768t-90.5-37.5T896 640t37.5-90.5T1024 512t90.5 37.5T1152 640zm256 256q0-130-51-248.5t-136.5-204-204-136.5T768 256t-248.5 51-204 136.5-136.5 204T128 896t51 248.5 136.5 204 204 136.5 248.5 51 248.5-51 204-136.5 136.5-204 51-248.5zm128 0q0 209-103 385.5T1153.5 1561 768 1664t-385.5-103T103 1281.5 0 896t103-385.5T382.5 231 768 128t385.5 103T1433 510.5 1536 896z\"><\/path><\/svg><\/span><\/div>\n            <div\n              data-colibri-id=\"32-c17\" class=\"h-global-transition-all h-heading style-241 style-local-32-c17 position-relative h-element\">\n              <!---->\n              <div class=\"h-heading__outer style-241 style-local-32-c17\">\n                <!---->\n                <!---->\n                <h5 class=\"\">Beste Qualit\u00e4t<\/h5>\n              <\/div>\n          <\/div>\n          <div data-colibri-id=\"32-c18\" class=\"h-text h-text-component style-242 style-local-32-c18 position-relative h-element\">\n            <!---->\n            <!---->\n            <div class=\"\">\n              <p><span style=\"font-weight: 400; font-size: 18px; font-family: Muli, Helvetica, Arial, sans-serif; color: rgb(119, 119, 119);\">Qualit\u00e4tsstahlbeh\u00e4lter<\/span>\n                <br>Hochwertige Innenbeschichtung\n                <br>Robuste Armatur\n                <br>Wirksamer Korrossionsschutz\n                <br>Witterungsbest\u00e4ndig\n                <br>Messing Gweindeeins\u00e4tze<\/p>\n            <\/div>\n          <\/div>\n        <\/div>\n      <\/div>\n    <\/div>\n    <div class=\"h-column h-column-container d-flex h-col-lg-3 h-col-md-3 h-col-12 style-243-outer style-local-32-c19-outer\">\n      <div data-colibri-id=\"32-c19\" class=\"d-flex h-flex-basis h-column__inner h-px-lg-3 h-px-md-3 h-px-2 v-inner-lg-3 v-inner-md-3 v-inner-2 style-243 style-local-32-c19 position-relative\">\n        <!---->\n        <!---->\n        <div class=\"w-100 h-y-container h-column__content h-column__v-align flex-basis-100 align-self-lg-center align-self-md-center align-self-center\">\n          <!---->\n          <div data-colibri-id=\"32-c20\" class=\"h-icon style-240 style-local-32-c20 position-relative h-element\">\n            <!----><span class=\"h-svg-icon h-icon__icon style-240-icon style-local-32-c20-icon\"><!--Icon by Font Awesome (https:\/\/fontawesome.com)--><svg version=\"1.1\" xmlns=\"http:\/\/www.w3.org\/2000\/svg\" xmlns:xlink=\"http:\/\/www.w3.org\/1999\/xlink\" id=\"phone\" viewBox=\"0 0 1408 1896.0833\"><path d=\"M1408 1240q0 27-10 70.5t-21 68.5q-21 50-122 106-94 51-186 51-27 0-53-3.5t-57.5-12.5-47-14.5T856 1485t-49-18q-98-35-175-83-127-79-264-216T152 904q-48-77-83-175-3-9-18-49t-20.5-55.5-14.5-47T3.5 520 0 467q0-92 51-186 56-101 106-122 25-11 68.5-21t70.5-10q14 0 21 3 18 6 53 76 11 19 30 54t35 63.5 31 53.5q3 4 17.5 25t21.5 35.5 7 28.5q0 20-28.5 50t-62 55-62 53-28.5 46q0 9 5 22.5t8.5 20.5 14 24 11.5 19q76 137 174 235t235 174q2 1 19 11.5t24 14 20.5 8.5 22.5 5q18 0 46-28.5t53-62 55-62 50-28.5q14 0 28.5 7t35.5 21.5 25 17.5q25 15 53.5 31t63.5 35 54 30q70 35 76 53 3 7 3 21z\"><\/path><\/svg><\/span><\/div>\n          <div\n            data-colibri-id=\"32-c21\" class=\"h-global-transition-all h-heading style-241 style-local-32-c21 position-relative h-element\">\n            <!---->\n            <div class=\"h-heading__outer style-241 style-local-32-c21\">\n              <!---->\n              <!---->\n              <h5 class=\"\">Optimaler Servivce<\/h5>\n            <\/div>\n        <\/div>\n        <div data-colibri-id=\"32-c22\" class=\"h-text h-text-component style-242 style-local-32-c22 position-relative h-element\">\n          <!---->\n          <!---->\n          <div class=\"\">\n            <p><span style=\"color: rgb(119, 119, 119); font-family: Muli, Helvetica, Arial, sans-serif; font-size: 18px; font-weight: 400;\">Servicefreundlich<\/span>\n              <br>Grosse \u00d6ffnung\n              <br>Leichte Demontage der Teile\n              <br>Wirtschaftlich\n              <br>Standardisierte Ersatzteile\n              <br>Leichte Wiederbef\u00fcllung<\/p>\n          <\/div>\n        <\/div>\n      <\/div>\n    <\/div>\n  <\/div>\n<\/div>\n<\/div>\n<div data-colibri-id=\"32-c23\" class=\"h-row-container gutters-row-lg-2 gutters-row-md-2 gutters-row-0 gutters-row-v-lg-2 gutters-row-v-md-2 gutters-row-v-2 style-761 style-local-32-c23 position-relative\">\n  <!---->\n  <div class=\"h-row justify-content-lg-center justify-content-md-center justify-content-center align-items-lg-stretch align-items-md-stretch align-items-stretch gutters-col-lg-2 gutters-col-md-2 gutters-col-0 gutters-col-v-lg-2 gutters-col-v-md-2 gutters-col-v-2\">\n    <!---->\n    <div class=\"h-column h-column-container d-flex h-col-lg-auto h-col-md-auto h-col-auto style-762-outer style-local-32-c24-outer\">\n      <div data-colibri-id=\"32-c24\" class=\"d-flex h-flex-basis h-column__inner h-px-lg-2 h-px-md-2 h-px-2 v-inner-lg-2 v-inner-md-2 v-inner-2 style-762 style-local-32-c24 position-relative\">\n        <!---->\n        <!---->\n        <div class=\"w-100 h-y-container h-column__content h-column__v-align flex-basis-100 align-self-lg-start align-self-md-start align-self-start\">\n          <!---->\n          <div data-colibri-id=\"32-c25\" class=\"h-text h-text-component style-247 style-local-32-c25 position-relative h-element\">\n            <!---->\n            <!---->\n            <div class=\"\">\n              <p>Diese Kartuschenl\u00f6scher SK6\/9 z\u00e4hlen zu den innovativen Feuerl\u00f6schger\u00e4ten, weil hier eine sortenreine Trennnung von Schaumkonzentrat und Wasser m\u00f6glich ist. Somit werden die Belastungen f\u00fcr die Umwelt erheblich reduziert. Durch die getrennte\n                Bevorratung des L\u00f6schmittelkonzentrates in einer Kartusche wird die Haltbarkeit erh\u00f6ht, so dass bei der Wartung innerhalb der Haltbarkeitszeit nur das Wasser ersetzt werden muss. Nach dieser zeit ist eine vergleichsweise geringe L\u00f6schmittelmenge\n                zu entsorgen. Daher ist diese Konstruktion nicht nur besonders wartungsfreundlich und \u00f6kologisch, sondern auch \u00f6konomisch. Der Einsatz einer Kartusche sorgt dar\u00fcber hinaus f\u00fcr eine optimale Vermischung des L\u00f6schmittels im Ernstfall.<\/p>\n            <\/div>\n          <\/div>\n        <\/div>\n      <\/div>\n    <\/div>\n  <\/div>\n<\/div>\n<div data-colibri-id=\"32-c26\" class=\"h-row-container gutters-row-lg-2 gutters-row-md-2 gutters-row-0 gutters-row-v-lg-2 gutters-row-v-md-2 gutters-row-v-2 style-763 style-local-32-c26 position-relative\">\n  <!---->\n  <div class=\"h-row justify-content-lg-center justify-content-md-center justify-content-center align-items-lg-stretch align-items-md-stretch align-items-stretch gutters-col-lg-2 gutters-col-md-2 gutters-col-0 gutters-col-v-lg-2 gutters-col-v-md-2 gutters-col-v-2\">\n    <!---->\n    <div class=\"h-column h-column-container d-flex h-col-lg-auto h-col-md-auto h-col-auto style-764-outer style-local-32-c27-outer\">\n      <div data-colibri-id=\"32-c27\" class=\"d-flex h-flex-basis h-column__inner h-px-lg-2 h-px-md-2 h-px-2 v-inner-lg-2 v-inner-md-2 v-inner-2 style-764 style-local-32-c27 position-relative\">\n        <!---->\n        <!---->\n        <div class=\"w-100 h-y-container h-column__content h-column__v-align flex-basis-100 align-self-lg-start align-self-md-start align-self-start\">\n          <!---->\n          <div data-colibri-id=\"32-c28\" class=\"h-x-container style-535 style-local-32-c28 position-relative h-element\">\n            <!---->\n            <div class=\"h-x-container-inner style-dynamic-32-c28-group style-535-spacing style-local-32-c28-spacing\"><span class=\"h-button__outer style-536-outer style-local-32-c29-outer d-inline-flex h-element\"><a h-use-smooth-scroll=\"true\" href=\"https:\/\/www.schweizer-brandschutz.ch\/Schaum-Feuerloescher-mit-Bio-Schaum\"  data-colibri-id=\"32-c29\" class=\"d-flex w-100 align-items-center h-button justify-content-lg-center justify-content-md-center justify-content-center style-536 style-local-32-c29 position-relative\"><!----><!----> <span>Hier gehts direkt zu unserem Online Shop<\/span><\/a>\n              <\/span>\n            <\/div>\n          <\/div>\n        <\/div>\n      <\/div>\n    <\/div>\n  <\/div>\n<\/div>\n<div data-colibri-id=\"32-c30\" class=\"h-row-container gutters-row-lg-2 gutters-row-md-2 gutters-row-0 gutters-row-v-lg-2 gutters-row-v-md-2 gutters-row-v-2 style-765 style-local-32-c30 position-relative\">\n  <!---->\n  <div class=\"h-row justify-content-lg-center justify-content-md-center justify-content-center align-items-lg-stretch align-items-md-stretch align-items-stretch gutters-col-lg-2 gutters-col-md-2 gutters-col-0 gutters-col-v-lg-2 gutters-col-v-md-2 gutters-col-v-2\">\n    <!---->\n    <div class=\"h-column h-column-container d-flex h-col-lg-auto h-col-md-auto h-col-auto style-766-outer style-local-32-c31-outer\">\n      <div data-colibri-id=\"32-c31\" class=\"d-flex h-flex-basis h-column__inner h-px-lg-2 h-px-md-2 h-px-2 v-inner-lg-2 v-inner-md-2 v-inner-2 style-766 style-local-32-c31 position-relative\">\n        <!---->\n        <!---->\n        <div class=\"w-100 h-y-container h-column__content h-column__v-align flex-basis-100 align-self-lg-start align-self-md-start align-self-start\">\n          <!---->\n          <div data-colibri-id=\"32-c32\" class=\"h-global-transition-all h-heading style-511 style-local-32-c32 position-relative h-element\">\n            <!---->\n            <div class=\"h-heading__outer style-511 style-local-32-c32\">\n              <!---->\n              <!---->\n              <h4 class=\"\">Nachhaltigkeit<\/h4>\n            <\/div>\n          <\/div>\n        <\/div>\n      <\/div>\n    <\/div>\n  <\/div>\n<\/div>\n<div data-colibri-id=\"32-c33\" class=\"h-row-container gutters-row-lg-2 gutters-row-md-2 gutters-row-0 gutters-row-v-lg-2 gutters-row-v-md-2 gutters-row-v-2 style-767 style-local-32-c33 position-relative\">\n  <!---->\n  <div class=\"h-row justify-content-lg-center justify-content-md-center justify-content-center align-items-lg-stretch align-items-md-stretch align-items-stretch gutters-col-lg-2 gutters-col-md-2 gutters-col-0 gutters-col-v-lg-2 gutters-col-v-md-2 gutters-col-v-2\">\n    <!---->\n    <div class=\"h-column h-column-container d-flex h-col-lg-auto h-col-md-auto h-col-auto style-768-outer style-local-32-c34-outer\">\n      <div data-colibri-id=\"32-c34\" class=\"d-flex h-flex-basis h-column__inner h-px-lg-2 h-px-md-2 h-px-2 v-inner-lg-2 v-inner-md-2 v-inner-2 style-768 style-local-32-c34 position-relative\">\n        <!---->\n        <!---->\n        <div class=\"w-100 h-y-container h-column__content h-column__v-align flex-basis-100 align-self-lg-start align-self-md-start align-self-start\">\n          <!---->\n          <div data-colibri-id=\"32-c35\" class=\"h-text h-text-component style-515 style-local-32-c35 position-relative h-element\">\n            <!---->\n            <!---->\n            <div class=\"\">\n              <p>Ein umsichtiger Umgang mit der Natur ist f\u00fcr uns von fundamentaler Bedeutung und bestimmt unser Handeln.<\/p>\n              <p>Ein sparsamer Einsatz von Papier, eine energiebewusste Produktion und ein reduzierter Einsatz von Verpackungsmaterial sind f\u00fcr uns selbstverst\u00e4ndlich. Diese Ma\u00dfst\u00e4be versuchen wir auch bei unseren Produkten anzulegen. Neben brandschutztechnischen\n                Forderungen nach mehr L\u00f6schleistung, stehen auch Umweltvertr\u00e4glichkeit und Entsorgung im zentralen Fokus des 21. Jahrhunderts. Perfluorierte Tenside sind aufgrund ihrer hohen Halbwertzeit auff\u00e4llig geworden.<\/p>\n              <p>Daher haben wir uns im Sinne der Umweltmitverantwortlichkeit verpflichtet, den Anteil des Fluors bei allen Schauml\u00f6schern auf das \u00e4u\u00dferste Minimum zu reduzieren, auch wenn sich hierauf bei Schauml\u00f6schmitteln aus brandschutztechnischer Sicht\n                noch nicht ganz verzichten l\u00e4sst.<\/p>\n              <p>In Anlehnung an die definierten Kriterien der Milieukeur-Zertifizierung, dem einzig international anerkannten Ecolabel, das Umweltqualit\u00e4ten definiert und in einem speziellen Verfahren pr\u00fcft, haben wir unsere L\u00f6scher mit einem Hochleistungsschaum\n                entwickelt und dabei den Fluoranteil auf ein Minimum reduziert und den Anteil umweltfreundlicher Bestandteile erh\u00f6ht. Dabei haben wir uns zum Ziel gesetzt, die strengen Milieukeuranforderungen hinsichtlich des Fluoranteils freiwillig zu\n                unterschreiten. Dies ist uns mit allen Jockel-Bio-Schauml\u00f6schern erfolgreich gelungen. Zudem haben wir perfluorierte Tenside durch polyfluorierte Tenside (polyFT) ersetzt. Selbstverst\u00e4ndlich verzichtet Jockel dabei auf PFOS und PFOA.<\/p>\n              <p>Dar\u00fcber hinaus konnten wir mit unseren Schauml\u00f6schern sogar in der 6 l-Variante ein L\u00f6schrating von 43 A erzielen. Damit zeigen wir einmal mehr, dass L\u00f6schleistung und die Ber\u00fccksichtigung des Umweltschutzes miteinander zu vereinbaren sind.<\/p>\n              <p>\n                <br>\n              <\/p>\n            <\/div>\n          <\/div>\n        <\/div>\n      <\/div>\n    <\/div>\n  <\/div>\n<\/div>\n<\/div>\n<\/div>\n<\/div>","protected":false},"excerpt":{"rendered":"<p>Was ist ein Schaum-Feuerl\u00f6scher Schauml\u00f6scher mit Bio-Sch\u00e4umen f\u00fcr fl\u00fcssige und fl\u00fcssigwerdende Stoffe. Schaum-Feuerl\u00f6scher sind die ideale L\u00f6sung bei Entstehungsbr\u00e4nden der Brandklasse A und B. Da sich Schaum sp\u00e4ter nahezu r\u00fcckstandsfrei entfernen l\u00e4sst, ist er ideal z.B. f\u00fcr Wohnbereiche, Verkaufsfl\u00e4chen oder Verwaltungsbereiche. Aufgrund der geringen spezifischen Dichte sind wasserfilmbildende Schaummittel in der Lage, auf der Oberfl\u00e4che [&hellip;]<\/p>\n","protected":false},"author":1,"featured_media":0,"parent":0,"menu_order":1,"comment_status":"closed","ping_status":"closed","template":"page-templates\/homepage.php","meta":{"footnotes":""},"class_list":["post-32","page","type-page","status-publish","hentry"],"aioseo_notices":[],"_links":{"self":[{"href":"https:\/\/www.schaum-feuerloescher.ch\/index.php\/wp-json\/wp\/v2\/pages\/32","targetHints":{"allow":["GET"]}}],"collection":[{"href":"https:\/\/www.schaum-feuerloescher.ch\/index.php\/wp-json\/wp\/v2\/pages"}],"about":[{"href":"https:\/\/www.schaum-feuerloescher.ch\/index.php\/wp-json\/wp\/v2\/types\/page"}],"author":[{"embeddable":true,"href":"https:\/\/www.schaum-feuerloescher.ch\/index.php\/wp-json\/wp\/v2\/users\/1"}],"replies":[{"embeddable":true,"href":"https:\/\/www.schaum-feuerloescher.ch\/index.php\/wp-json\/wp\/v2\/comments?post=32"}],"version-history":[{"count":20,"href":"https:\/\/www.schaum-feuerloescher.ch\/index.php\/wp-json\/wp\/v2\/pages\/32\/revisions"}],"predecessor-version":[{"id":1312,"href":"https:\/\/www.schaum-feuerloescher.ch\/index.php\/wp-json\/wp\/v2\/pages\/32\/revisions\/1312"}],"wp:attachment":[{"href":"https:\/\/www.schaum-feuerloescher.ch\/index.php\/wp-json\/wp\/v2\/media?parent=32"}],"curies":[{"name":"wp","href":"https:\/\/api.w.org\/{rel}","templated":true}]}}