{"id":540,"date":"2020-11-03T09:31:35","date_gmt":"2020-11-03T08:31:35","guid":{"rendered":"https:\/\/www.schaum-feuerloescher.ch\/?page_id=540"},"modified":"2020-11-03T15:10:24","modified_gmt":"2020-11-03T14:10:24","slug":"schaum-feuerloescher-6-liter","status":"publish","type":"page","link":"https:\/\/www.schaum-feuerloescher.ch\/index.php\/modelle\/schaum-feuerloescher-6-liter\/","title":{"rendered":"Schaum Feuerl\u00f6scher 6 Liter"},"content":{"rendered":"<div data-colibri-id=\"540-c1\" class=\"style-488 style-local-540-c1 position-relative\">\n  <!---->\n  <div data-colibri-component=\"section\" data-colibri-id=\"540-c2\" id=\"initial-content\" class=\"h-section h-section-global-spacing d-flex align-items-lg-center align-items-md-center align-items-center style-489 style-local-540-c2 position-relative\">\n    <!---->\n    <!---->\n    <div class=\"h-section-grid-container h-section-boxed-container\">\n      <!---->\n      <div data-colibri-id=\"540-c3\" class=\"h-row-container gutters-row-lg-2 gutters-row-md-2 gutters-row-0 gutters-row-v-lg-2 gutters-row-v-md-2 gutters-row-v-2 style-490 style-local-540-c3 position-relative\">\n        <!---->\n        <div class=\"h-row justify-content-lg-center justify-content-md-center justify-content-center align-items-lg-stretch align-items-md-stretch align-items-stretch gutters-col-lg-2 gutters-col-md-2 gutters-col-0 gutters-col-v-lg-2 gutters-col-v-md-2 gutters-col-v-2\">\n          <!---->\n          <div class=\"h-column h-column-container d-flex h-col-lg-6 h-col-md-6 h-col-12 style-491-outer style-local-540-c4-outer\">\n            <div data-colibri-id=\"540-c4\" class=\"d-flex h-flex-basis h-column__inner h-px-lg-2 h-px-md-2 h-px-2 v-inner-lg-2 v-inner-md-2 v-inner-2 style-491 style-local-540-c4 position-relative\">\n              <!---->\n              <!---->\n              <div class=\"w-100 h-y-container h-column__content h-column__v-align flex-basis-100 align-self-lg-start align-self-md-start align-self-start\">\n                <!---->\n                <div data-colibri-id=\"540-c5\" class=\"d-block style-493 style-local-540-c5 position-relative h-element\">\n                  <!---->\n                  <div class=\"h-image__frame-container-outer\">\n                    <div class=\"h-image__frame-container\">\n                      <!---->\n                      <!---->\n                      <img loading=\"lazy\" decoding=\"async\" width=\"864\" height=\"865\" src=\"https:\/\/www.schaum-feuerloescher.ch\/wp-content\/uploads\/2020\/11\/cropped-6-liter.jpg\" class=\"wp-image-762 style-493-image style-local-540-c5-image\" alt=\"\" srcset=\"https:\/\/www.schaum-feuerloescher.ch\/wp-content\/uploads\/2020\/11\/cropped-6-liter.jpg 864w, https:\/\/www.schaum-feuerloescher.ch\/wp-content\/uploads\/2020\/11\/cropped-6-liter-300x300.jpg 300w, https:\/\/www.schaum-feuerloescher.ch\/wp-content\/uploads\/2020\/11\/cropped-6-liter-150x150.jpg 150w, https:\/\/www.schaum-feuerloescher.ch\/wp-content\/uploads\/2020\/11\/cropped-6-liter-768x769.jpg 768w\" sizes=\"auto, (max-width: 864px) 100vw, 864px\" \/>\n                      <div class=\"h-image__frame h-hide-lg h-hide-md h-hide-sm style-493-frameImage style-local-540-c5-frameImage\"><\/div>\n                    <\/div>\n                  <\/div>\n                <\/div>\n              <\/div>\n            <\/div>\n          <\/div>\n        <\/div>\n      <\/div>\n    <\/div>\n  <\/div>\n  <div data-colibri-component=\"section\" data-colibri-id=\"540-c6\" id=\"custom\" class=\"h-section h-section-global-spacing d-flex align-items-lg-center align-items-md-center align-items-center style-494 style-local-540-c6 position-relative\">\n    <!---->\n    <!---->\n    <div class=\"h-section-grid-container h-section-boxed-container\">\n      <!---->\n      <div data-colibri-id=\"540-c7\" class=\"h-row-container gutters-row-lg-2 gutters-row-md-2 gutters-row-0 gutters-row-v-lg-2 gutters-row-v-md-2 gutters-row-v-2 style-495 style-local-540-c7 position-relative\">\n        <!---->\n        <div class=\"h-row justify-content-lg-center justify-content-md-center justify-content-center align-items-lg-stretch align-items-md-stretch align-items-stretch gutters-col-lg-2 gutters-col-md-2 gutters-col-0 gutters-col-v-lg-2 gutters-col-v-md-2 gutters-col-v-2\">\n          <!---->\n          <div class=\"h-column h-column-container d-flex h-col-lg-6 h-col-md-6 h-col-12 style-496-outer style-local-540-c8-outer\">\n            <div data-colibri-id=\"540-c8\" class=\"d-flex h-flex-basis h-column__inner h-px-lg-2 h-px-md-2 h-px-2 v-inner-lg-2 v-inner-md-2 v-inner-2 style-496 style-local-540-c8 position-relative\">\n              <!---->\n              <!---->\n              <div class=\"w-100 h-y-container h-column__content h-column__v-align flex-basis-100 align-self-lg-start align-self-md-start align-self-start\">\n                <!---->\n                <div data-colibri-id=\"540-c9\" class=\"h-x-container style-497 style-local-540-c9 position-relative h-element\">\n                  <!---->\n                  <div class=\"h-x-container-inner style-dynamic-540-c9-group style-497-spacing style-local-540-c9-spacing\"><span class=\"h-button__outer style-498-outer style-local-540-c10-outer d-inline-flex h-element\"><a h-use-smooth-scroll=\"true\" href=\"https:\/\/www.schweizer-brandschutz.ch\/Schaum-Feuerloescher-6-Liter-SK6J-Bio21\"  data-colibri-id=\"540-c10\" class=\"d-flex w-100 align-items-center h-button justify-content-lg-center justify-content-md-center justify-content-center style-498 style-local-540-c10 position-relative\"><!----><!----> <span>Jetzt kaufen<\/span><\/a>\n                    <\/span>\n                  <\/div>\n                <\/div>\n              <\/div>\n            <\/div>\n          <\/div>\n        <\/div>\n      <\/div>\n    <\/div>\n  <\/div>\n  <div data-colibri-component=\"section\" data-colibri-id=\"540-c11\" id=\"custom-2\" class=\"h-section h-section-global-spacing d-flex align-items-lg-center align-items-md-center align-items-center style-459 style-local-540-c11 position-relative\">\n    <!---->\n    <!---->\n    <div class=\"h-section-grid-container h-section-boxed-container\">\n      <!---->\n      <div data-colibri-id=\"540-c12\" class=\"h-row-container gutters-row-lg-2 gutters-row-md-2 gutters-row-0 gutters-row-v-lg-2 gutters-row-v-md-2 gutters-row-v-2 style-460 style-local-540-c12 position-relative\">\n        <!---->\n        <div class=\"h-row justify-content-lg-center justify-content-md-center justify-content-center align-items-lg-stretch align-items-md-stretch align-items-stretch gutters-col-lg-2 gutters-col-md-2 gutters-col-0 gutters-col-v-lg-2 gutters-col-v-md-2 gutters-col-v-2\">\n          <!---->\n          <div class=\"h-column h-column-container d-flex h-col-lg-auto h-col-md-auto h-col-auto style-461-outer style-local-540-c13-outer\">\n            <div data-colibri-id=\"540-c13\" class=\"d-flex h-flex-basis h-column__inner h-px-lg-2 h-px-md-2 h-px-2 v-inner-lg-2 v-inner-md-2 v-inner-2 style-461 style-local-540-c13 position-relative\">\n              <!---->\n              <!---->\n              <div class=\"w-100 h-y-container h-column__content h-column__v-align flex-basis-100 align-self-lg-start align-self-md-start align-self-start\">\n                <!---->\n                <div data-colibri-id=\"540-c14\" class=\"h-text h-text-component style-462 style-local-540-c14 position-relative h-element\">\n                  <!---->\n                  <!---->\n                  <div class=\"\">\n                    <p>Unser meistverkaufter Feuerl\u00f6scher<\/p>\n                  <\/div>\n                <\/div>\n              <\/div>\n            <\/div>\n          <\/div>\n        <\/div>\n      <\/div>\n    <\/div>\n  <\/div>\n  <div data-colibri-component=\"section\" data-colibri-id=\"540-c15\" id=\"custom-3\" class=\"h-section h-section-global-spacing d-flex align-items-lg-center align-items-md-center align-items-center style-488 style-local-540-c15 position-relative\">\n    <!---->\n    <!---->\n    <div class=\"h-section-grid-container h-section-boxed-container\">\n      <!---->\n      <div data-colibri-id=\"540-c16\" class=\"h-row-container gutters-row-lg-2 gutters-row-md-2 gutters-row-0 gutters-row-v-lg-2 gutters-row-v-md-2 gutters-row-v-2 style-489 style-local-540-c16 position-relative\">\n        <!---->\n        <div class=\"h-row justify-content-lg-center justify-content-md-center justify-content-center align-items-lg-stretch align-items-md-stretch align-items-stretch gutters-col-lg-2 gutters-col-md-2 gutters-col-0 gutters-col-v-lg-2 gutters-col-v-md-2 gutters-col-v-2\">\n          <!---->\n          <div class=\"h-column h-column-container d-flex h-col-lg-auto h-col-md-auto h-col-auto style-490-outer style-local-540-c17-outer\">\n            <div data-colibri-id=\"540-c17\" class=\"d-flex h-flex-basis h-column__inner h-px-lg-2 h-px-md-2 h-px-2 v-inner-lg-2 v-inner-md-2 v-inner-2 style-490 style-local-540-c17 position-relative\">\n              <!---->\n              <!---->\n              <div class=\"w-100 h-y-container h-column__content h-column__v-align flex-basis-100 align-self-lg-start align-self-md-start align-self-start\">\n                <!---->\n                <div data-colibri-id=\"540-c18\" class=\"h-text h-text-component style-491 style-local-540-c18 position-relative h-element\">\n                  <!---->\n                  <!---->\n                  <div class=\"\">\n                    <p>Jockel-Kartuschenl\u00f6scher SK 6\/9JX Bio z\u00e4hlen zu den innovativen Feuerl\u00f6schger\u00e4ten, weil hier e i n e sortenreine Trennung von Schaumkonzentrat und Wasser m\u00f6glich ist. Somit werden die Belastungen f\u00fcr die Umwelt erheblich reduziert.\n                      Durch die getrennte Bevorratung des L\u00f6schmittelkonzentrats in einer Kartusche wird die Haltbarkeit erh\u00f6ht, so dass bei der Wartung innerhalb der Haltbarkeitszeit nur das Wasser ersetzt werden muss. <\/p>\n                    <p>Nach dieser Zeit ist eine vergleichsweise geringe L\u00f6schmittelmenge zu entsorgen, was einen minimierten Zeitaufwand erfordert. Daher ist diese Konstruktion nicht nur besonders wartungsfreundlich und \u00f6kologisch, sondern auch \u00f6konomisch.\n                      Der Einsatz unserer montierten Kartusche, mit Druckleitung zur Aktivierung, sorgt dar\u00fcber hinaus f\u00fcr eine optimale Vermischung des L\u00f6schmittels im Einsatzfall. <\/p>\n                    <p>Jockel-Kartuschenl\u00f6scher SK 6\/9 JX Bio \u00fcberzeugen durch ihre erh\u00f6hte L\u00f6schleistung. Diese wurde erreicht, indem das Wasser im Beh\u00e4lter ebenfalls durch l\u00f6schaktive Substanzen angereichert wurde. Zwar ist auch hier der Fluoranteil deutlich\n                      gesenkt worden, aber dennoch muss das Wasser fachgerecht entsorgt werden.<\/p>\n                    <p>Innovativ, zuverl\u00e4ssig und einfach zu bedienen: Der Schaum-Feuerl\u00f6scher mit Bio Schaum SK6J BIO21 mit 6 Liter Inhalt eignet sich perfekt f\u00fcr Privathaushalte und das Gewerbe, f\u00fcr Verkaufsfl\u00e4chen und die Industrie.<\/p>\n                    <p>Sein Schaummittel, das sich gezielt dosieren l\u00e4sst, bildet auf der Oberfl\u00e4che des Brandgutes einen geschlossenen und dampfdichten Wasserfilm auch bei brennenden Fl\u00fcssigkeiten. Diese Sperrschicht verhindert, dass D\u00e4mpfe und Gase austreten,\n                      was die Sauerstoffzufuhr zum Brandgut unterbindet und das Feuer erstickt. Zudem k\u00fchlt der Schaum aufgrund seines Wasseranteils.<\/p>\n                    <p>Bei einem Sicherheitsabstand von 1 Meter bek\u00e4mpft der Schaum-Feuerl\u00f6scher SK6J BIO21 von Schweizer Brandschutz auch brennende elektrische Anlagen bis 1000 Volt.<\/p>\n                    <p>Wenn Sie sich f\u00fcr den Kauf eines Schaum Feuerl\u00f6scher interessieren, dann kaufen Sie einen Schaum Feuerl\u00f6scher der auch im Test perfekt abgeschnitten hat. Je nach Anwendung wird das 6 Liter Schaum Ger\u00e4t bereits reichen, da dieses im\n                      Praxis Test sehr gut abgeschnitten hat. Bedenken Sie dabei, kaufen ist das eine, jeder Feuerl\u00f6scher ben\u00f6tigt auch eine regelm\u00e4ssige Wartung.<\/p>\n                    <p>\n                      <br>\n                    <\/p>\n                  <\/div>\n                <\/div>\n              <\/div>\n            <\/div>\n          <\/div>\n        <\/div>\n      <\/div>\n    <\/div>\n  <\/div>\n<\/div>","protected":false},"excerpt":{"rendered":"<p>Jetzt kaufen Unser meistverkaufter Feuerl\u00f6scher Jockel-Kartuschenl\u00f6scher SK 6\/9JX Bio z\u00e4hlen zu den innovativen Feuerl\u00f6schger\u00e4ten, weil hier e i n e sortenreine Trennung von Schaumkonzentrat und Wasser m\u00f6glich ist. Somit werden die Belastungen f\u00fcr die Umwelt erheblich reduziert. Durch die getrennte Bevorratung des L\u00f6schmittelkonzentrats in einer Kartusche wird die Haltbarkeit erh\u00f6ht, so dass bei der Wartung [&hellip;]<\/p>\n","protected":false},"author":3,"featured_media":0,"parent":6,"menu_order":2,"comment_status":"closed","ping_status":"closed","template":"page-templates\/full-width-page.php","meta":{"footnotes":""},"class_list":["post-540","page","type-page","status-publish","hentry"],"aioseo_notices":[],"_links":{"self":[{"href":"https:\/\/www.schaum-feuerloescher.ch\/index.php\/wp-json\/wp\/v2\/pages\/540","targetHints":{"allow":["GET"]}}],"collection":[{"href":"https:\/\/www.schaum-feuerloescher.ch\/index.php\/wp-json\/wp\/v2\/pages"}],"about":[{"href":"https:\/\/www.schaum-feuerloescher.ch\/index.php\/wp-json\/wp\/v2\/types\/page"}],"author":[{"embeddable":true,"href":"https:\/\/www.schaum-feuerloescher.ch\/index.php\/wp-json\/wp\/v2\/users\/3"}],"replies":[{"embeddable":true,"href":"https:\/\/www.schaum-feuerloescher.ch\/index.php\/wp-json\/wp\/v2\/comments?post=540"}],"version-history":[{"count":6,"href":"https:\/\/www.schaum-feuerloescher.ch\/index.php\/wp-json\/wp\/v2\/pages\/540\/revisions"}],"predecessor-version":[{"id":1011,"href":"https:\/\/www.schaum-feuerloescher.ch\/index.php\/wp-json\/wp\/v2\/pages\/540\/revisions\/1011"}],"up":[{"embeddable":true,"href":"https:\/\/www.schaum-feuerloescher.ch\/index.php\/wp-json\/wp\/v2\/pages\/6"}],"wp:attachment":[{"href":"https:\/\/www.schaum-feuerloescher.ch\/index.php\/wp-json\/wp\/v2\/media?parent=540"}],"curies":[{"name":"wp","href":"https:\/\/api.w.org\/{rel}","templated":true}]}}