{"id":581,"date":"2020-11-03T09:44:25","date_gmt":"2020-11-03T08:44:25","guid":{"rendered":"https:\/\/www.schaum-feuerloescher.ch\/?page_id=581"},"modified":"2020-11-03T15:12:44","modified_gmt":"2020-11-03T14:12:44","slug":"schaum-feuerloescher-9-liter","status":"publish","type":"page","link":"https:\/\/www.schaum-feuerloescher.ch\/index.php\/modelle\/schaum-feuerloescher-9-liter\/","title":{"rendered":"Schaum-Feuerl\u00f6scher 9 Liter"},"content":{"rendered":"<div data-colibri-id=\"581-c1\" class=\"style-499 style-local-581-c1 position-relative\">\n  <!---->\n  <div data-colibri-component=\"section\" data-colibri-id=\"581-c2\" id=\"initial-content\" class=\"h-section h-section-global-spacing d-flex align-items-lg-center align-items-md-center align-items-center style-500 style-local-581-c2 position-relative\">\n    <!---->\n    <!---->\n    <div class=\"h-section-grid-container h-section-boxed-container\">\n      <!---->\n      <div data-colibri-id=\"581-c3\" class=\"h-row-container gutters-row-lg-2 gutters-row-md-2 gutters-row-0 gutters-row-v-lg-2 gutters-row-v-md-2 gutters-row-v-2 style-501 style-local-581-c3 position-relative\">\n        <!---->\n        <div class=\"h-row justify-content-lg-center justify-content-md-center justify-content-center align-items-lg-stretch align-items-md-stretch align-items-stretch gutters-col-lg-2 gutters-col-md-2 gutters-col-0 gutters-col-v-lg-2 gutters-col-v-md-2 gutters-col-v-2\">\n          <!---->\n          <div class=\"h-column h-column-container d-flex h-col-lg-6 h-col-md-6 h-col-12 style-502-outer style-local-581-c4-outer\">\n            <div data-colibri-id=\"581-c4\" class=\"d-flex h-flex-basis h-column__inner h-px-lg-2 h-px-md-2 h-px-2 v-inner-lg-2 v-inner-md-2 v-inner-2 style-502 style-local-581-c4 position-relative\">\n              <!---->\n              <!---->\n              <div class=\"w-100 h-y-container h-column__content h-column__v-align flex-basis-100 align-self-lg-start align-self-md-start align-self-start\">\n                <!---->\n                <div data-colibri-id=\"581-c5\" class=\"d-block style-504 style-local-581-c5 position-relative h-element\">\n                  <!---->\n                  <div class=\"h-image__frame-container-outer\">\n                    <div class=\"h-image__frame-container\">\n                      <!---->\n                      <!---->\n                      <img loading=\"lazy\" decoding=\"async\" width=\"1811\" height=\"1814\" src=\"https:\/\/www.schaum-feuerloescher.ch\/wp-content\/uploads\/2020\/11\/cropped-Aufladefeuerloescher_JX_Schaumkartusche_web-1.pdf_page_1-scaled-1.jpg\" class=\"wp-image-755 style-504-image style-local-581-c5-image\" alt=\"Schaum-Feuerl\u00f6scher 9 Liter\" srcset=\"https:\/\/www.schaum-feuerloescher.ch\/wp-content\/uploads\/2020\/11\/cropped-Aufladefeuerloescher_JX_Schaumkartusche_web-1.pdf_page_1-scaled-1.jpg 1811w, https:\/\/www.schaum-feuerloescher.ch\/wp-content\/uploads\/2020\/11\/cropped-Aufladefeuerloescher_JX_Schaumkartusche_web-1.pdf_page_1-scaled-1-300x300.jpg 300w, https:\/\/www.schaum-feuerloescher.ch\/wp-content\/uploads\/2020\/11\/cropped-Aufladefeuerloescher_JX_Schaumkartusche_web-1.pdf_page_1-scaled-1-1022x1024.jpg 1022w, https:\/\/www.schaum-feuerloescher.ch\/wp-content\/uploads\/2020\/11\/cropped-Aufladefeuerloescher_JX_Schaumkartusche_web-1.pdf_page_1-scaled-1-150x150.jpg 150w, https:\/\/www.schaum-feuerloescher.ch\/wp-content\/uploads\/2020\/11\/cropped-Aufladefeuerloescher_JX_Schaumkartusche_web-1.pdf_page_1-scaled-1-768x769.jpg 768w, https:\/\/www.schaum-feuerloescher.ch\/wp-content\/uploads\/2020\/11\/cropped-Aufladefeuerloescher_JX_Schaumkartusche_web-1.pdf_page_1-scaled-1-1533x1536.jpg 1533w\" sizes=\"auto, (max-width: 1811px) 100vw, 1811px\" \/>\n                      <div class=\"h-image__frame h-hide-lg h-hide-md h-hide-sm style-504-frameImage style-local-581-c5-frameImage\"><\/div>\n                    <\/div>\n                  <\/div>\n                <\/div>\n              <\/div>\n            <\/div>\n          <\/div>\n        <\/div>\n      <\/div>\n    <\/div>\n  <\/div>\n  <div data-colibri-component=\"section\" data-colibri-id=\"581-c6\" id=\"custom\" class=\"h-section h-section-global-spacing d-flex align-items-lg-center align-items-md-center align-items-center style-505 style-local-581-c6 position-relative\">\n    <!---->\n    <!---->\n    <div class=\"h-section-grid-container h-section-boxed-container\">\n      <!---->\n      <div data-colibri-id=\"581-c7\" class=\"h-row-container gutters-row-lg-2 gutters-row-md-2 gutters-row-0 gutters-row-v-lg-2 gutters-row-v-md-2 gutters-row-v-2 style-506 style-local-581-c7 position-relative\">\n        <!---->\n        <div class=\"h-row justify-content-lg-center justify-content-md-center justify-content-center align-items-lg-stretch align-items-md-stretch align-items-stretch gutters-col-lg-2 gutters-col-md-2 gutters-col-0 gutters-col-v-lg-2 gutters-col-v-md-2 gutters-col-v-2\">\n          <!---->\n          <div class=\"h-column h-column-container d-flex h-col-lg-6 h-col-md-6 h-col-12 style-507-outer style-local-581-c8-outer\">\n            <div data-colibri-id=\"581-c8\" class=\"d-flex h-flex-basis h-column__inner h-px-lg-2 h-px-md-2 h-px-2 v-inner-lg-2 v-inner-md-2 v-inner-2 style-507 style-local-581-c8 position-relative\">\n              <!---->\n              <!---->\n              <div class=\"w-100 h-y-container h-column__content h-column__v-align flex-basis-100 align-self-lg-start align-self-md-start align-self-start\">\n                <!---->\n                <div data-colibri-id=\"581-c9\" class=\"h-x-container style-508 style-local-581-c9 position-relative h-element\">\n                  <!---->\n                  <div class=\"h-x-container-inner style-dynamic-581-c9-group style-508-spacing style-local-581-c9-spacing\"><span class=\"h-button__outer style-509-outer style-local-581-c10-outer d-inline-flex h-element\"><a h-use-smooth-scroll=\"true\" href=\"https:\/\/www.schweizer-brandschutz.ch\/Schaum-Feuerloescher-9-Liter-SK9J-Bio27\"  data-colibri-id=\"581-c10\" class=\"d-flex w-100 align-items-center h-button justify-content-lg-center justify-content-md-center justify-content-center style-509 style-local-581-c10 position-relative\"><!----><!----> <span>Jetzt kaufen<\/span><\/a>\n                    <\/span>\n                  <\/div>\n                <\/div>\n              <\/div>\n            <\/div>\n          <\/div>\n        <\/div>\n      <\/div>\n    <\/div>\n  <\/div>\n  <div data-colibri-component=\"section\" data-colibri-id=\"581-c11\" id=\"custom-2\" class=\"h-section h-section-global-spacing d-flex align-items-lg-center align-items-md-center align-items-center style-463 style-local-581-c11 position-relative\">\n    <!---->\n    <!---->\n    <div class=\"h-section-grid-container h-section-boxed-container\">\n      <!---->\n      <div data-colibri-id=\"581-c12\" class=\"h-row-container gutters-row-lg-2 gutters-row-md-2 gutters-row-0 gutters-row-v-lg-2 gutters-row-v-md-2 gutters-row-v-2 style-464 style-local-581-c12 position-relative\">\n        <!---->\n        <div class=\"h-row justify-content-lg-center justify-content-md-center justify-content-center align-items-lg-stretch align-items-md-stretch align-items-stretch gutters-col-lg-2 gutters-col-md-2 gutters-col-0 gutters-col-v-lg-2 gutters-col-v-md-2 gutters-col-v-2\">\n          <!---->\n          <div class=\"h-column h-column-container d-flex h-col-lg-auto h-col-md-auto h-col-auto style-465-outer style-local-581-c13-outer\">\n            <div data-colibri-id=\"581-c13\" class=\"d-flex h-flex-basis h-column__inner h-px-lg-2 h-px-md-2 h-px-2 v-inner-lg-2 v-inner-md-2 v-inner-2 style-465 style-local-581-c13 position-relative\">\n              <!---->\n              <!---->\n              <div class=\"w-100 h-y-container h-column__content h-column__v-align flex-basis-100 align-self-lg-start align-self-md-start align-self-start\">\n                <!---->\n                <div data-colibri-id=\"581-c14\" class=\"h-text h-text-component style-466 style-local-581-c14 position-relative h-element\">\n                  <!---->\n                  <!---->\n                  <div class=\"\">\n                    <p>Unser Feuerl\u00f6scher f\u00fcr fast alle Gewerbe&nbsp;<\/p>\n                  <\/div>\n                <\/div>\n              <\/div>\n            <\/div>\n          <\/div>\n        <\/div>\n      <\/div>\n    <\/div>\n  <\/div>\n  <div data-colibri-component=\"section\" data-colibri-id=\"581-c15\" id=\"custom-3\" class=\"h-section h-section-global-spacing d-flex align-items-lg-center align-items-md-center align-items-center style-492 style-local-581-c15 position-relative\">\n    <!---->\n    <!---->\n    <div class=\"h-section-grid-container h-section-boxed-container\">\n      <!---->\n      <div data-colibri-id=\"581-c16\" class=\"h-row-container gutters-row-lg-2 gutters-row-md-2 gutters-row-0 gutters-row-v-lg-2 gutters-row-v-md-2 gutters-row-v-2 style-493 style-local-581-c16 position-relative\">\n        <!---->\n        <div class=\"h-row justify-content-lg-center justify-content-md-center justify-content-center align-items-lg-stretch align-items-md-stretch align-items-stretch gutters-col-lg-2 gutters-col-md-2 gutters-col-0 gutters-col-v-lg-2 gutters-col-v-md-2 gutters-col-v-2\">\n          <!---->\n          <div class=\"h-column h-column-container d-flex h-col-lg-auto h-col-md-auto h-col-auto style-494-outer style-local-581-c17-outer\">\n            <div data-colibri-id=\"581-c17\" class=\"d-flex h-flex-basis h-column__inner h-px-lg-2 h-px-md-2 h-px-2 v-inner-lg-2 v-inner-md-2 v-inner-2 style-494 style-local-581-c17 position-relative\">\n              <!---->\n              <!---->\n              <div class=\"w-100 h-y-container h-column__content h-column__v-align flex-basis-100 align-self-lg-start align-self-md-start align-self-start\">\n                <!---->\n                <div data-colibri-id=\"581-c18\" class=\"h-text h-text-component style-495 style-local-581-c18 position-relative h-element\">\n                  <!---->\n                  <!---->\n                  <div class=\"\">\n                    <p>Kann man Bew\u00e4hrtes noch besser machen? JOCKEL kann.<\/p>\n                    <p>Denn beim Remscheider Systemanbieter f\u00fcr Brandschutz<\/p>\n                    <p>hei\u00dft es \u201eInnovation aus Tradition\u201c. Mit der neuen<\/p>\n                    <p>Feuerl\u00f6scherserie JX bringt Feuerschutz JOCKEL eine<\/p>\n                    <p>Produktneuheit auf den Markt, die neben der optischen<\/p>\n                    <p>Gef\u00e4lligkeit viele weitere Vorteile bietet.<\/p>\n                    <p>Marktneuheit<\/p>\n                    <p>Optimal abgestimmt auf die Bed\u00fcrfnisse der Kunden, zeigt die<\/p>\n                    <p>neue JOCKEL Feuerl\u00f6scherserie JX ein modernes Design<\/p>\n                    <p>mit einer innovativen Schlaghaube, die eine gr\u00f6\u00dfere<\/p>\n                    <p>Schlagfl\u00e4che bietet als ein Schlagknopf und somit das<\/p>\n                    <p>Ausl\u00f6sen des Feuerl\u00f6schers deutlich vereinfacht.<\/p>\n                    <p>Ergonomisch durchdacht liegt die neue Armatur griffig in der<\/p>\n                    <p>Hand und unterst\u00fctzt die sichere und schnelle Anwendung.<\/p>\n                  <\/div>\n                <\/div>\n              <\/div>\n            <\/div>\n          <\/div>\n        <\/div>\n      <\/div>\n    <\/div>\n  <\/div>\n  <div data-colibri-component=\"section\" data-colibri-id=\"581-c19\" id=\"custom-4\" class=\"h-section h-section-global-spacing d-flex align-items-lg-center align-items-md-center align-items-center style-500 style-local-581-c19 position-relative\">\n    <!---->\n    <!---->\n    <div class=\"h-section-grid-container h-section-boxed-container\">\n      <!---->\n      <div data-colibri-id=\"581-c20\" class=\"h-row-container gutters-row-lg-2 gutters-row-md-2 gutters-row-0 gutters-row-v-lg-2 gutters-row-v-md-2 gutters-row-v-2 style-501 style-local-581-c20 position-relative\">\n        <!---->\n        <div class=\"h-row justify-content-lg-center justify-content-md-center justify-content-center align-items-lg-stretch align-items-md-stretch align-items-stretch gutters-col-lg-2 gutters-col-md-2 gutters-col-0 gutters-col-v-lg-2 gutters-col-v-md-2 gutters-col-v-2\">\n          <!---->\n          <div class=\"h-column h-column-container d-flex h-col-lg-auto h-col-md-auto h-col-auto style-502-outer style-local-581-c21-outer\">\n            <div data-colibri-id=\"581-c21\" class=\"d-flex h-flex-basis h-column__inner h-px-lg-2 h-px-md-2 h-px-2 v-inner-lg-2 v-inner-md-2 v-inner-2 style-502 style-local-581-c21 position-relative\">\n              <!---->\n              <!---->\n              <div class=\"w-100 h-y-container h-column__content h-column__v-align flex-basis-100 align-self-lg-start align-self-md-start align-self-start\">\n                <!---->\n                <div data-colibri-id=\"581-c22\" class=\"h-text h-text-component style-503 style-local-581-c22 position-relative h-element\">\n                  <!---->\n                  <!---->\n                  <div class=\"\">\n                    <p>Unsere Kartuschenl\u00f6scher SK 6\/9JX Bio z\u00e4hlen zu den innovativen Feuerl\u00f6schger\u00e4ten, weil hier eine sortenreine Trennung von Schaumkonzentrat und Wasser m\u00f6glich ist. Somit werden die Belastungen f\u00fcr die Umwelt erheblich reduziert. Durch\n                      die getrennte Bevorratung des L\u00f6schmittelkonzentrats in einer Kartusche wird die Haltbarkeit erh\u00f6ht, so dass bei der Wartung innerhalb der Haltbarkeitszeit nur das Wasser ersetzt werden muss.<\/p>\n                    <p>Nach dieser Zeit ist eine vergleichsweise geringe L\u00f6schmittelmenge zu entsorgen, was einen minimierten Zeitaufwand erfordert. Daher ist diese Konstruktion nicht nur besonders wartungsfreundlich und \u00f6kologisch, sondern auch \u00f6konomisch.\n                      Der Einsatz unserer montierten Kartusche, mit Druckleitung zur Aktivierung, sorgt dar\u00fcber hinaus f\u00fcr eine optimale Vermischung des L\u00f6schmittels im Einsatzfall.<\/p>\n                    <p>Die Kartuschenl\u00f6scher SK 6\/9 JX Bio \u00fcberzeugen durch ihre sehr hohe L\u00f6schleistung. Diese wurde erreicht, indem das Wasser im Beh\u00e4lter ebenfalls durch l\u00f6schaktive Substanzen angereichert wurde. Zwar ist auch hier der Fluoranteil deutlich\n                      gesenkt worden, aber dennoch muss das Wasser fachgerecht entsorgt werden.<\/p>\n                    <p>\n                      <br>\n                    <\/p>\n                  <\/div>\n                <\/div>\n              <\/div>\n            <\/div>\n          <\/div>\n        <\/div>\n      <\/div>\n    <\/div>\n  <\/div>\n<\/div>","protected":false},"excerpt":{"rendered":"<p>Jetzt kaufen Unser Feuerl\u00f6scher f\u00fcr fast alle Gewerbe&nbsp; Kann man Bew\u00e4hrtes noch besser machen? JOCKEL kann. Denn beim Remscheider Systemanbieter f\u00fcr Brandschutz hei\u00dft es \u201eInnovation aus Tradition\u201c. Mit der neuen Feuerl\u00f6scherserie JX bringt Feuerschutz JOCKEL eine Produktneuheit auf den Markt, die neben der optischen Gef\u00e4lligkeit viele weitere Vorteile bietet. Marktneuheit Optimal abgestimmt auf die Bed\u00fcrfnisse [&hellip;]<\/p>\n","protected":false},"author":3,"featured_media":0,"parent":6,"menu_order":3,"comment_status":"closed","ping_status":"closed","template":"page-templates\/full-width-page.php","meta":{"footnotes":""},"class_list":["post-581","page","type-page","status-publish","hentry"],"aioseo_notices":[],"_links":{"self":[{"href":"https:\/\/www.schaum-feuerloescher.ch\/index.php\/wp-json\/wp\/v2\/pages\/581","targetHints":{"allow":["GET"]}}],"collection":[{"href":"https:\/\/www.schaum-feuerloescher.ch\/index.php\/wp-json\/wp\/v2\/pages"}],"about":[{"href":"https:\/\/www.schaum-feuerloescher.ch\/index.php\/wp-json\/wp\/v2\/types\/page"}],"author":[{"embeddable":true,"href":"https:\/\/www.schaum-feuerloescher.ch\/index.php\/wp-json\/wp\/v2\/users\/3"}],"replies":[{"embeddable":true,"href":"https:\/\/www.schaum-feuerloescher.ch\/index.php\/wp-json\/wp\/v2\/comments?post=581"}],"version-history":[{"count":5,"href":"https:\/\/www.schaum-feuerloescher.ch\/index.php\/wp-json\/wp\/v2\/pages\/581\/revisions"}],"predecessor-version":[{"id":1018,"href":"https:\/\/www.schaum-feuerloescher.ch\/index.php\/wp-json\/wp\/v2\/pages\/581\/revisions\/1018"}],"up":[{"embeddable":true,"href":"https:\/\/www.schaum-feuerloescher.ch\/index.php\/wp-json\/wp\/v2\/pages\/6"}],"wp:attachment":[{"href":"https:\/\/www.schaum-feuerloescher.ch\/index.php\/wp-json\/wp\/v2\/media?parent=581"}],"curies":[{"name":"wp","href":"https:\/\/api.w.org\/{rel}","templated":true}]}}