{"id":584,"date":"2020-11-03T09:47:11","date_gmt":"2020-11-03T08:47:11","guid":{"rendered":"https:\/\/www.schaum-feuerloescher.ch\/?page_id=584"},"modified":"2020-11-03T15:13:49","modified_gmt":"2020-11-03T14:13:49","slug":"schaum-feuerloescher-9-liter-frostsicher","status":"publish","type":"page","link":"https:\/\/www.schaum-feuerloescher.ch\/index.php\/modelle\/schaum-feuerloescher-9-liter-frostsicher\/","title":{"rendered":"Schaum-Feuerl\u00f6scher 9 Liter Frostsicher"},"content":{"rendered":"<div data-colibri-id=\"584-c1\" class=\"style-510 style-local-584-c1 position-relative\">\n  <!---->\n  <div data-colibri-component=\"section\" data-colibri-id=\"584-c2\" id=\"initial-content\" class=\"h-section h-section-global-spacing d-flex align-items-lg-center align-items-md-center align-items-center style-511 style-local-584-c2 position-relative\">\n    <!---->\n    <!---->\n    <div class=\"h-section-grid-container h-section-boxed-container\">\n      <!---->\n      <div data-colibri-id=\"584-c3\" class=\"h-row-container gutters-row-lg-2 gutters-row-md-2 gutters-row-0 gutters-row-v-lg-2 gutters-row-v-md-2 gutters-row-v-2 style-512 style-local-584-c3 position-relative\">\n        <!---->\n        <div class=\"h-row justify-content-lg-center justify-content-md-center justify-content-center align-items-lg-stretch align-items-md-stretch align-items-stretch gutters-col-lg-2 gutters-col-md-2 gutters-col-0 gutters-col-v-lg-2 gutters-col-v-md-2 gutters-col-v-2\">\n          <!---->\n          <div class=\"h-column h-column-container d-flex h-col-lg-6 h-col-md-6 h-col-12 style-513-outer style-local-584-c4-outer\">\n            <div data-colibri-id=\"584-c4\" class=\"d-flex h-flex-basis h-column__inner h-px-lg-2 h-px-md-2 h-px-2 v-inner-lg-2 v-inner-md-2 v-inner-2 style-513 style-local-584-c4 position-relative\">\n              <!---->\n              <!---->\n              <div class=\"w-100 h-y-container h-column__content h-column__v-align flex-basis-100 align-self-lg-start align-self-md-start align-self-start\">\n                <!---->\n                <div data-colibri-id=\"584-c5\" class=\"d-block style-515 style-local-584-c5 position-relative h-element\">\n                  <!---->\n                  <div class=\"h-image__frame-container-outer\">\n                    <div class=\"h-image__frame-container\">\n                      <!---->\n                      <!---->\n                      <img loading=\"lazy\" decoding=\"async\" width=\"833\" height=\"832\" src=\"https:\/\/www.schaum-feuerloescher.ch\/wp-content\/uploads\/2020\/11\/cropped-cropped-9-liter-frostsicher.jpg\" class=\"wp-image-771 style-515-image style-local-584-c5-image\" alt=\"\" srcset=\"https:\/\/www.schaum-feuerloescher.ch\/wp-content\/uploads\/2020\/11\/cropped-cropped-9-liter-frostsicher.jpg 833w, https:\/\/www.schaum-feuerloescher.ch\/wp-content\/uploads\/2020\/11\/cropped-cropped-9-liter-frostsicher-300x300.jpg 300w, https:\/\/www.schaum-feuerloescher.ch\/wp-content\/uploads\/2020\/11\/cropped-cropped-9-liter-frostsicher-150x150.jpg 150w, https:\/\/www.schaum-feuerloescher.ch\/wp-content\/uploads\/2020\/11\/cropped-cropped-9-liter-frostsicher-768x767.jpg 768w\" sizes=\"auto, (max-width: 833px) 100vw, 833px\" \/>\n                      <div class=\"h-image__frame h-hide-lg h-hide-md h-hide-sm style-515-frameImage style-local-584-c5-frameImage\"><\/div>\n                    <\/div>\n                  <\/div>\n                <\/div>\n              <\/div>\n            <\/div>\n          <\/div>\n        <\/div>\n      <\/div>\n    <\/div>\n  <\/div>\n  <div data-colibri-component=\"section\" data-colibri-id=\"584-c6\" id=\"custom\" class=\"h-section h-section-global-spacing d-flex align-items-lg-center align-items-md-center align-items-center style-516 style-local-584-c6 position-relative\">\n    <!---->\n    <!---->\n    <div class=\"h-section-grid-container h-section-boxed-container\">\n      <!---->\n      <div data-colibri-id=\"584-c7\" class=\"h-row-container gutters-row-lg-2 gutters-row-md-2 gutters-row-0 gutters-row-v-lg-2 gutters-row-v-md-2 gutters-row-v-2 style-517 style-local-584-c7 position-relative\">\n        <!---->\n        <div class=\"h-row justify-content-lg-center justify-content-md-center justify-content-center align-items-lg-stretch align-items-md-stretch align-items-stretch gutters-col-lg-2 gutters-col-md-2 gutters-col-0 gutters-col-v-lg-2 gutters-col-v-md-2 gutters-col-v-2\">\n          <!---->\n          <div class=\"h-column h-column-container d-flex h-col-lg-6 h-col-md-6 h-col-12 style-518-outer style-local-584-c8-outer\">\n            <div data-colibri-id=\"584-c8\" class=\"d-flex h-flex-basis h-column__inner h-px-lg-2 h-px-md-2 h-px-2 v-inner-lg-2 v-inner-md-2 v-inner-2 style-518 style-local-584-c8 position-relative\">\n              <!---->\n              <!---->\n              <div class=\"w-100 h-y-container h-column__content h-column__v-align flex-basis-100 align-self-lg-start align-self-md-start align-self-start\">\n                <!---->\n                <div data-colibri-id=\"584-c9\" class=\"h-x-container style-519 style-local-584-c9 position-relative h-element\">\n                  <!---->\n                  <div class=\"h-x-container-inner style-dynamic-584-c9-group style-519-spacing style-local-584-c9-spacing\"><span class=\"h-button__outer style-520-outer style-local-584-c10-outer d-inline-flex h-element\"><a h-use-smooth-scroll=\"true\" href=\"https:\/\/www.schweizer-brandschutz.ch\/Schaum-Feuerloescher-9-Liter-S9FJ34-Frostsicher\"  data-colibri-id=\"584-c10\" class=\"d-flex w-100 align-items-center h-button justify-content-lg-center justify-content-md-center justify-content-center style-520 style-local-584-c10 position-relative\"><!----><!----> <span>Jetzt kaufen<\/span><\/a>\n                    <\/span>\n                  <\/div>\n                <\/div>\n              <\/div>\n            <\/div>\n          <\/div>\n        <\/div>\n      <\/div>\n    <\/div>\n  <\/div>\n  <div data-colibri-component=\"section\" data-colibri-id=\"584-c11\" id=\"custom-2\" class=\"h-section h-section-global-spacing d-flex align-items-lg-center align-items-md-center align-items-center style-467 style-local-584-c11 position-relative\">\n    <!---->\n    <!---->\n    <div class=\"h-section-grid-container h-section-boxed-container\">\n      <!---->\n      <div data-colibri-id=\"584-c12\" class=\"h-row-container gutters-row-lg-2 gutters-row-md-2 gutters-row-0 gutters-row-v-lg-2 gutters-row-v-md-2 gutters-row-v-2 style-468 style-local-584-c12 position-relative\">\n        <!---->\n        <div class=\"h-row justify-content-lg-center justify-content-md-center justify-content-center align-items-lg-stretch align-items-md-stretch align-items-stretch gutters-col-lg-2 gutters-col-md-2 gutters-col-0 gutters-col-v-lg-2 gutters-col-v-md-2 gutters-col-v-2\">\n          <!---->\n          <div class=\"h-column h-column-container d-flex h-col-lg-auto h-col-md-auto h-col-auto style-469-outer style-local-584-c13-outer\">\n            <div data-colibri-id=\"584-c13\" class=\"d-flex h-flex-basis h-column__inner h-px-lg-2 h-px-md-2 h-px-2 v-inner-lg-2 v-inner-md-2 v-inner-2 style-469 style-local-584-c13 position-relative\">\n              <!---->\n              <!---->\n              <div class=\"w-100 h-y-container h-column__content h-column__v-align flex-basis-100 align-self-lg-start align-self-md-start align-self-start\">\n                <!---->\n                <div data-colibri-id=\"584-c14\" class=\"h-text h-text-component style-470 style-local-584-c14 position-relative h-element\">\n                  <!---->\n                  <!---->\n                  <div class=\"\">\n                    <p>Der Feuerl\u00f6scher der auch im Freien gelagert werden kann, bis -25 Grad<\/p>\n                  <\/div>\n                <\/div>\n              <\/div>\n            <\/div>\n          <\/div>\n        <\/div>\n      <\/div>\n    <\/div>\n  <\/div>\n  <div data-colibri-component=\"section\" data-colibri-id=\"584-c15\" id=\"custom-3\" class=\"h-section h-section-global-spacing d-flex align-items-lg-center align-items-md-center align-items-center style-496 style-local-584-c15 position-relative\">\n    <!---->\n    <!---->\n    <div class=\"h-section-grid-container h-section-boxed-container\">\n      <!---->\n      <div data-colibri-id=\"584-c16\" class=\"h-row-container gutters-row-lg-2 gutters-row-md-2 gutters-row-0 gutters-row-v-lg-2 gutters-row-v-md-2 gutters-row-v-2 style-497 style-local-584-c16 position-relative\">\n        <!---->\n        <div class=\"h-row justify-content-lg-center justify-content-md-center justify-content-center align-items-lg-stretch align-items-md-stretch align-items-stretch gutters-col-lg-2 gutters-col-md-2 gutters-col-0 gutters-col-v-lg-2 gutters-col-v-md-2 gutters-col-v-2\">\n          <!---->\n          <div class=\"h-column h-column-container d-flex h-col-lg-auto h-col-md-auto h-col-auto style-498-outer style-local-584-c17-outer\">\n            <div data-colibri-id=\"584-c17\" class=\"d-flex h-flex-basis h-column__inner h-px-lg-2 h-px-md-2 h-px-2 v-inner-lg-2 v-inner-md-2 v-inner-2 style-498 style-local-584-c17 position-relative\">\n              <!---->\n              <!---->\n              <div class=\"w-100 h-y-container h-column__content h-column__v-align flex-basis-100 align-self-lg-start align-self-md-start align-self-start\">\n                <!---->\n                <div data-colibri-id=\"584-c18\" class=\"h-text h-text-component style-499 style-local-584-c18 position-relative h-element\">\n                  <!---->\n                  <!---->\n                  <div class=\"\">\n                    <p>Vor allem im industriellen Bereich, wo Alkohole und Alkoholmischungen zum Einsatz kommen, aber auch in medizinischen Einrichtungen, in denen beispielsweise Desinfektionsmittel gelagert werden, muss dem Brandschutz mit differenzierteren\n                      L\u00f6sungen begegnet werden. Der Jockel-Schaum JoMix AB-AR ist ein alkoholbest\u00e4ndiger Schaum, welcher auch zum L\u00f6schen von polaren Br\u00e4nden besonders geeignet ist.<\/p>\n                    <p>L\u00f6schwirkung bei polaren Br\u00e4nden: Damit der L\u00f6schschaum nicht durch den brennenden Alkohol zerst\u00f6rt wird, bildet dieser einen Polymerfilm zwischen dem Brandgut und dem L\u00f6schschaum. Durch die so entstehende geschlossene und sauerstoffhemmende\n                      Schaumdecke kann der Schaum seine L\u00f6schwirkung voll entfalten. F\u00fcr ein optimales Ergebnis ist die Abstimmung von L\u00f6schmittel und L\u00f6scher entscheidend. Nur bei sanfter Schaumausgabe durch die L\u00f6schd\u00fcse kann sich ein stabiler zusammenh\u00e4ngender\n                      Polymerfilm bilden, welcher f\u00fcr einen erfolgreichen L\u00f6scheinsatz entscheidend ist.<\/p>\n                    <p>Diese handlichen Schauml\u00f6scher sind die ideale L\u00f6sung bei Entstehungsbr\u00e4nden der Brandklassen A und B. Aufgrund der geringen spezifischen Dichte sind wasserfilmbildende Schaummittel in der Lage, auf Oberfl\u00e4chen von brennenden Fl\u00fcssigkeiten\n                      , einen geschlossenen, dampfdichten und w\u00e4ssrigen Film zu bilden. Diese Sperrschicht verhindert den Austritt von D\u00e4mpfen und Gasen und behindert dar\u00fcber hinaus noch die Sauerstoffzufuhr zum Brandgut.<\/p>\n                    <p>Das Feuer wird also erstickt. Bei Objekten der Brandklasse A erzielt der Schaum eine gas-dichte Schicht, die ebenfalls das Feuer erstickt. Zudem hat Schaum aufgrund seines Wasser-anteils einen k\u00fchlenden Effekt. Der Schaum l\u00e4sst sich\n                      sp\u00e4ter gut entfernen.<\/p>\n                    <p>Durch einen deutlich verringerten Fluoranteil sind diese Sch\u00e4ume bedeutend umweltfreundlicher . Selbstverst\u00e4ndlich verzichtet Jockel auf Schaumkonzentrat mit Perfluoroctansulfonat (PFOS) und Perfluoroctans\u00e4ure (PFOA). Dank einer optimierten\n                      Rezeptur, der Erh\u00f6hung der l\u00f6schaktiven Substanzen und der Feinabstimmung \u00fcberzeugen die HochleistungsSch\u00e4ume mit einer noch schlagkr\u00e4ftigeren L\u00f6schwirkung.<\/p>\n                    <p>\n                      <br>\n                    <\/p>\n                  <\/div>\n                <\/div>\n              <\/div>\n            <\/div>\n          <\/div>\n        <\/div>\n      <\/div>\n    <\/div>\n  <\/div>\n<\/div>","protected":false},"excerpt":{"rendered":"<p>Jetzt kaufen Der Feuerl\u00f6scher der auch im Freien gelagert werden kann, bis -25 Grad Vor allem im industriellen Bereich, wo Alkohole und Alkoholmischungen zum Einsatz kommen, aber auch in medizinischen Einrichtungen, in denen beispielsweise Desinfektionsmittel gelagert werden, muss dem Brandschutz mit differenzierteren L\u00f6sungen begegnet werden. Der Jockel-Schaum JoMix AB-AR ist ein alkoholbest\u00e4ndiger Schaum, welcher auch [&hellip;]<\/p>\n","protected":false},"author":3,"featured_media":0,"parent":6,"menu_order":4,"comment_status":"closed","ping_status":"closed","template":"page-templates\/full-width-page.php","meta":{"footnotes":""},"class_list":["post-584","page","type-page","status-publish","hentry"],"aioseo_notices":[],"_links":{"self":[{"href":"https:\/\/www.schaum-feuerloescher.ch\/index.php\/wp-json\/wp\/v2\/pages\/584","targetHints":{"allow":["GET"]}}],"collection":[{"href":"https:\/\/www.schaum-feuerloescher.ch\/index.php\/wp-json\/wp\/v2\/pages"}],"about":[{"href":"https:\/\/www.schaum-feuerloescher.ch\/index.php\/wp-json\/wp\/v2\/types\/page"}],"author":[{"embeddable":true,"href":"https:\/\/www.schaum-feuerloescher.ch\/index.php\/wp-json\/wp\/v2\/users\/3"}],"replies":[{"embeddable":true,"href":"https:\/\/www.schaum-feuerloescher.ch\/index.php\/wp-json\/wp\/v2\/comments?post=584"}],"version-history":[{"count":5,"href":"https:\/\/www.schaum-feuerloescher.ch\/index.php\/wp-json\/wp\/v2\/pages\/584\/revisions"}],"predecessor-version":[{"id":1025,"href":"https:\/\/www.schaum-feuerloescher.ch\/index.php\/wp-json\/wp\/v2\/pages\/584\/revisions\/1025"}],"up":[{"embeddable":true,"href":"https:\/\/www.schaum-feuerloescher.ch\/index.php\/wp-json\/wp\/v2\/pages\/6"}],"wp:attachment":[{"href":"https:\/\/www.schaum-feuerloescher.ch\/index.php\/wp-json\/wp\/v2\/media?parent=584"}],"curies":[{"name":"wp","href":"https:\/\/api.w.org\/{rel}","templated":true}]}}