{"id":714,"date":"2020-11-03T11:23:02","date_gmt":"2020-11-03T10:23:02","guid":{"rendered":"https:\/\/www.schaum-feuerloescher.ch\/?page_id=714"},"modified":"2020-11-03T15:09:23","modified_gmt":"2020-11-03T14:09:23","slug":"schaum-feuerloescher-2-liter","status":"publish","type":"page","link":"https:\/\/www.schaum-feuerloescher.ch\/index.php\/modelle\/schaum-feuerloescher-2-liter\/","title":{"rendered":"Schaum-Feuerl\u00f6scher 2 Liter"},"content":{"rendered":"<div data-colibri-id=\"714-c1\" class=\"style-475 style-local-714-c1 position-relative\">\n  <!---->\n  <div data-colibri-component=\"section\" data-colibri-id=\"714-c2\" id=\"initial-content\" class=\"h-section h-section-global-spacing d-flex align-items-lg-center align-items-md-center align-items-center style-476 style-local-714-c2 position-relative\">\n    <!---->\n    <!---->\n    <div class=\"h-section-grid-container h-section-boxed-container\">\n      <!---->\n      <div data-colibri-id=\"714-c3\" class=\"h-row-container gutters-row-lg-2 gutters-row-md-2 gutters-row-0 gutters-row-v-lg-2 gutters-row-v-md-2 gutters-row-v-2 style-477 style-local-714-c3 position-relative\">\n        <!---->\n        <div class=\"h-row justify-content-lg-center justify-content-md-center justify-content-center align-items-lg-stretch align-items-md-stretch align-items-stretch gutters-col-lg-2 gutters-col-md-2 gutters-col-0 gutters-col-v-lg-2 gutters-col-v-md-2 gutters-col-v-2\">\n          <!---->\n          <div class=\"h-column h-column-container d-flex h-col-auto style-478-outer style-local-714-c4-outer\">\n            <div data-colibri-id=\"714-c4\" class=\"d-flex h-flex-basis h-column__inner h-px-lg-2 h-px-md-2 h-px-2 v-inner-lg-2 v-inner-md-2 v-inner-2 style-478 style-local-714-c4 position-relative\">\n              <!---->\n              <!---->\n              <div class=\"w-100 h-y-container h-column__content h-column__v-align flex-basis-100 align-self-lg-start align-self-md-start align-self-start\">\n                <!---->\n                <div data-colibri-id=\"714-c5\" class=\"d-block style-480 style-local-714-c5 position-relative h-element\">\n                  <!---->\n                  <div class=\"h-image__frame-container-outer\">\n                    <div class=\"h-image__frame-container\">\n                      <!---->\n                      <!---->\n                      <img loading=\"lazy\" decoding=\"async\" width=\"861\" height=\"1068\" src=\"https:\/\/www.schaum-feuerloescher.ch\/wp-content\/uploads\/2020\/11\/cropped-cropped-mini-1.jpg\" class=\"wp-image-739 style-480-image style-local-714-c5-image\" alt=\"\" srcset=\"https:\/\/www.schaum-feuerloescher.ch\/wp-content\/uploads\/2020\/11\/cropped-cropped-mini-1.jpg 861w, https:\/\/www.schaum-feuerloescher.ch\/wp-content\/uploads\/2020\/11\/cropped-cropped-mini-1-242x300.jpg 242w, https:\/\/www.schaum-feuerloescher.ch\/wp-content\/uploads\/2020\/11\/cropped-cropped-mini-1-826x1024.jpg 826w, https:\/\/www.schaum-feuerloescher.ch\/wp-content\/uploads\/2020\/11\/cropped-cropped-mini-1-768x953.jpg 768w\" sizes=\"auto, (max-width: 861px) 100vw, 861px\" \/>\n                      <div class=\"h-image__frame h-hide-lg h-hide-md h-hide-sm style-480-frameImage style-local-714-c5-frameImage\"><\/div>\n                    <\/div>\n                  <\/div>\n                <\/div>\n              <\/div>\n            <\/div>\n          <\/div>\n        <\/div>\n      <\/div>\n    <\/div>\n  <\/div>\n  <div data-colibri-component=\"section\" data-colibri-id=\"714-c6\" id=\"custom\" class=\"h-section h-section-global-spacing d-flex align-items-lg-center align-items-md-center align-items-center style-481 style-local-714-c6 position-relative\">\n    <!---->\n    <!---->\n    <div class=\"h-section-grid-container h-section-boxed-container\">\n      <!---->\n      <div data-colibri-id=\"714-c7\" class=\"h-row-container gutters-row-lg-2 gutters-row-md-2 gutters-row-0 gutters-row-v-lg-2 gutters-row-v-md-2 gutters-row-v-2 style-484 style-local-714-c7 position-relative\">\n        <!---->\n        <div class=\"h-row justify-content-lg-center justify-content-md-center justify-content-center align-items-lg-stretch align-items-md-stretch align-items-stretch gutters-col-lg-2 gutters-col-md-2 gutters-col-0 gutters-col-v-lg-2 gutters-col-v-md-2 gutters-col-v-2\">\n          <!---->\n          <div class=\"h-column h-column-container d-flex h-col-auto style-485-outer style-local-714-c8-outer\">\n            <div data-colibri-id=\"714-c8\" class=\"d-flex h-flex-basis h-column__inner h-px-lg-2 h-px-md-2 h-px-2 v-inner-lg-2 v-inner-md-2 v-inner-2 style-485 style-local-714-c8 position-relative\">\n              <!---->\n              <!---->\n              <div class=\"w-100 h-y-container h-column__content h-column__v-align flex-basis-100 align-self-lg-start align-self-md-start align-self-start\">\n                <!---->\n                <div data-colibri-id=\"714-c9\" class=\"h-x-container style-486 style-local-714-c9 position-relative h-element\">\n                  <!---->\n                  <div class=\"h-x-container-inner style-dynamic-714-c9-group style-486-spacing style-local-714-c9-spacing\"><span class=\"h-button__outer style-487-outer style-local-714-c10-outer d-inline-flex h-element\"><a h-use-smooth-scroll=\"true\" href=\"https:\/\/www.schweizer-brandschutz.ch\/Schaum-Feuerloescher-2-Liter-SF2JM5-DH-Frostsicher\"  data-colibri-id=\"714-c10\" class=\"d-flex w-100 align-items-center h-button justify-content-lg-center justify-content-md-center justify-content-center style-487 style-local-714-c10 position-relative\"><!----><!----> <span>Jetzt kaufen<\/span><\/a>\n                    <\/span>\n                  <\/div>\n                <\/div>\n              <\/div>\n            <\/div>\n          <\/div>\n        <\/div>\n      <\/div>\n      <div data-colibri-id=\"714-c11\" class=\"h-row-container gutters-row-lg-2 gutters-row-md-2 gutters-row-0 gutters-row-v-lg-2 gutters-row-v-md-2 gutters-row-v-2 style-482 style-local-714-c11 position-relative\">\n        <!---->\n        <div class=\"h-row justify-content-lg-center justify-content-md-center justify-content-center align-items-lg-stretch align-items-md-stretch align-items-stretch gutters-col-lg-2 gutters-col-md-2 gutters-col-0 gutters-col-v-lg-2 gutters-col-v-md-2 gutters-col-v-2\">\n          <!---->\n          <div class=\"h-column h-column-container d-flex h-col-lg-6 h-col-md-6 h-col-12 style-483-outer style-local-714-c12-outer\">\n            <div data-colibri-id=\"714-c12\" class=\"d-flex h-flex-basis h-column__inner h-px-lg-2 h-px-md-2 h-px-2 v-inner-lg-2 v-inner-md-2 v-inner-2 style-483 style-local-714-c12 position-relative\">\n              <!---->\n              <!---->\n              <div class=\"w-100 h-y-container h-column__content h-column__v-align flex-basis-100 align-self-lg-start align-self-md-start align-self-start\">\n                <!---->\n                <div data-colibri-id=\"714-c13\" class=\"h-text h-text-component style-458 style-local-714-c13 position-relative h-element\">\n                  <!---->\n                  <!---->\n                  <div class=\"\">\n                    <p>Unser kleiner Allrounder<\/p>\n                  <\/div>\n                <\/div>\n              <\/div>\n            <\/div>\n          <\/div>\n        <\/div>\n      <\/div>\n    <\/div>\n  <\/div>\n  <div data-colibri-component=\"section\" data-colibri-id=\"714-c18\" id=\"custom-2\" class=\"h-section h-section-global-spacing d-flex align-items-lg-center align-items-md-center align-items-center style-480 style-local-714-c18 position-relative\">\n    <!---->\n    <!---->\n    <div class=\"h-section-grid-container h-section-boxed-container\">\n      <!---->\n      <div data-colibri-id=\"714-c19\" class=\"h-row-container gutters-row-lg-2 gutters-row-md-2 gutters-row-0 gutters-row-v-lg-2 gutters-row-v-md-2 gutters-row-v-2 style-481 style-local-714-c19 position-relative\">\n        <!---->\n        <div class=\"h-row justify-content-lg-center justify-content-md-center justify-content-center align-items-lg-stretch align-items-md-stretch align-items-stretch gutters-col-lg-2 gutters-col-md-2 gutters-col-0 gutters-col-v-lg-2 gutters-col-v-md-2 gutters-col-v-2\">\n          <!---->\n          <div class=\"h-column h-column-container d-flex h-col-lg-auto h-col-md-auto h-col-auto style-482-outer style-local-714-c20-outer\">\n            <div data-colibri-id=\"714-c20\" class=\"d-flex h-flex-basis h-column__inner h-px-lg-2 h-px-md-2 h-px-2 v-inner-lg-2 v-inner-md-2 v-inner-2 style-482 style-local-714-c20 position-relative\">\n              <!---->\n              <!---->\n              <div class=\"w-100 h-y-container h-column__content h-column__v-align flex-basis-100 align-self-lg-start align-self-md-start align-self-start\">\n                <!---->\n                <div data-colibri-id=\"714-c21\" class=\"h-text h-text-component style-483 style-local-714-c21 position-relative h-element\">\n                  <!---->\n                  <!---->\n                  <div class=\"\">\n                    <p>Diese handlichen Schauml\u00f6scher sind die ideale L\u00f6sung bei Entstehungsbr\u00e4nden der Brandklassen A und B. Aufgrund der geringen spezifischen Dichte sind wasserfilmbildende Schaummittel in der Lage, auf Oberfl\u00e4chen von brennenden Fl\u00fcssigkeiten,\n                      eine geschlossenen dampfdichten und w\u00e4ssrigen Film zu bilden. Diese Sperrschicht verhindert den Austritt von D\u00e4mpfen und Gasen und behindert dar\u00fcber hinaus noch die Sauerstoffzufuhr zum Brandgut. Das Feuer wird also erstickt. Bei\n                      Objekten der Brandklasse A erzielt der Schaum eine gas- dichte Schicht, die ebenfalls das Feuer erstickt. Zudem hat Schaum aufgrund seines Wasser- anteils einen k\u00fchlenden Effekt. Der Schaum l\u00e4sst sich sp\u00e4ter gut entfernen. Durch\n                      einen deutlich verringerten Fluoranteil sind diese Jockel-Bio- Sch\u00e4ume bedeutend umweltfreundlicher. Selbstverst\u00e4ndlich verzichtet Jockel auf Schaumkonzentrat mit Perfluoroctansulfonat (PFOS) und Perfluoroctans\u00e4ure (PFOA). Dank einer\n                      optimierten Rezeptur, der Erh\u00f6hung der l\u00f6schaktiven Substanzen und der Fein- abstimmung \u00fcberzeugen die Hochleistungs-Bio- Sch\u00e4ume mit einer noch schlagkr\u00e4ftigeren L\u00f6schwirkung.<\/p>\n                    <h3><strong>Schaum&nbsp;Feuerl\u00f6scher, die Allrounder mit wenig Verschmutzung<\/strong><\/h3>\n                    <p><strong style=\"font-weight: 700;\">Schaum&nbsp;Feuerl\u00f6scher&nbsp;2&nbsp;Liter SF2JM5<\/strong>&nbsp;sind unsere kleinen Allrounder unter den L\u00f6schger\u00e4ten. Aufgrund ihres gro\u00dfen Einsatzspektrums in den Brandklassen A und B sind sie die\n                      ideale L\u00f6sung insbesondere auf Fahrzeugen und Booten oder im Campingbereich. Unsere Schauml\u00f6scher sind mit Hochleistungsl\u00f6schmittel bef\u00fcllt. Ein&nbsp;2&nbsp;Liter Ger\u00e4t erreicht das obere Ende der Ratingskala mit&nbsp;1 LE.<\/p>\n                    <h3><strong>L\u00f6schwirkung<\/strong><\/h3>\n                    <p><span style=\"font-size: 12pt;\">Diese handlichen Schauml\u00f6scher sind die ideale L\u00f6sung bei Entstehungsbr\u00e4nden der Brandklassen A und B. Aufgrund der geringen spezifischen Dichte sind wasserfilmbildende Schaummittel in der Lage, auf Oberfl\u00e4chen von brennenden Fl\u00fcssigkeiten, eine geschlossenen dampfdichten und w\u00e4ssrigen Film zu bilden. Diese Sperrschicht verhindert den Austritt von D\u00e4mpfen und Gasen und behindert dar\u00fcber hinaus noch die Sauerstoffzufuhr zum Brandgut. Das Feuer wird also erstickt. Bei Objekten der Brandklasse A erzielt der Schaum eine gasdichte Schicht, die ebenfalls das Feuer erstickt. Zudem hat Schaum aufgrund seines Wasseranteils einen k\u00fchlenden Effekt. Der Schaum l\u00e4sst sich sp\u00e4ter gut entfernen. Durch einen deutlich verringerten Fluoranteil sind diese Jockel-BioSch\u00e4ume bedeutend umweltfreundlicher.Selbstverst\u00e4ndlich verzichtet Jockel auf Schaumkonzentrat mit Perfluoroctansulfonat (PFOS) und Perfluoroctans\u00e4ure (PFOA).<\/span><\/p>\n                    <h3><strong>Mehr Leistung geht nicht bei der Gr\u00f6sse!<\/strong><\/h3>\n                    <p>Dank einer optimierten Rezeptur, der Erh\u00f6hung der l\u00f6schaktiven Substanzen und der Feinabstimmung \u00fcberzeugen die Hochleistungs-BioSch\u00e4ume mit einer noch schlagkr\u00e4ftigeren L\u00f6schwirkung.<\/p>\n                    <h3><strong>Einsatzbereiche<\/strong><\/h3>\n                    <p>z.B. Fahrzeuge, Boote, Camper, Wohnwagen<\/p>\n                    <p>\n                      <br>\n                    <\/p>\n                  <\/div>\n                <\/div>\n              <\/div>\n            <\/div>\n          <\/div>\n        <\/div>\n      <\/div>\n    <\/div>\n  <\/div>\n<\/div>","protected":false},"excerpt":{"rendered":"<p>Jetzt kaufen Unser kleiner Allrounder Diese handlichen Schauml\u00f6scher sind die ideale L\u00f6sung bei Entstehungsbr\u00e4nden der Brandklassen A und B. Aufgrund der geringen spezifischen Dichte sind wasserfilmbildende Schaummittel in der Lage, auf Oberfl\u00e4chen von brennenden Fl\u00fcssigkeiten, eine geschlossenen dampfdichten und w\u00e4ssrigen Film zu bilden. Diese Sperrschicht verhindert den Austritt von D\u00e4mpfen und Gasen und behindert dar\u00fcber [&hellip;]<\/p>\n","protected":false},"author":3,"featured_media":0,"parent":6,"menu_order":1,"comment_status":"closed","ping_status":"closed","template":"page-templates\/full-width-page.php","meta":{"footnotes":""},"class_list":["post-714","page","type-page","status-publish","hentry"],"aioseo_notices":[],"_links":{"self":[{"href":"https:\/\/www.schaum-feuerloescher.ch\/index.php\/wp-json\/wp\/v2\/pages\/714","targetHints":{"allow":["GET"]}}],"collection":[{"href":"https:\/\/www.schaum-feuerloescher.ch\/index.php\/wp-json\/wp\/v2\/pages"}],"about":[{"href":"https:\/\/www.schaum-feuerloescher.ch\/index.php\/wp-json\/wp\/v2\/types\/page"}],"author":[{"embeddable":true,"href":"https:\/\/www.schaum-feuerloescher.ch\/index.php\/wp-json\/wp\/v2\/users\/3"}],"replies":[{"embeddable":true,"href":"https:\/\/www.schaum-feuerloescher.ch\/index.php\/wp-json\/wp\/v2\/comments?post=714"}],"version-history":[{"count":6,"href":"https:\/\/www.schaum-feuerloescher.ch\/index.php\/wp-json\/wp\/v2\/pages\/714\/revisions"}],"predecessor-version":[{"id":1004,"href":"https:\/\/www.schaum-feuerloescher.ch\/index.php\/wp-json\/wp\/v2\/pages\/714\/revisions\/1004"}],"up":[{"embeddable":true,"href":"https:\/\/www.schaum-feuerloescher.ch\/index.php\/wp-json\/wp\/v2\/pages\/6"}],"wp:attachment":[{"href":"https:\/\/www.schaum-feuerloescher.ch\/index.php\/wp-json\/wp\/v2\/media?parent=714"}],"curies":[{"name":"wp","href":"https:\/\/api.w.org\/{rel}","templated":true}]}}